{"id":14296,"date":"2022-02-23T21:08:25","date_gmt":"2022-02-23T21:08:25","guid":{"rendered":"https:\/\/motokary-karting.sk\/?post_type=product&#038;p=14296"},"modified":"2023-02-20T12:09:29","modified_gmt":"2023-02-20T12:09:29","slug":"tlok-vertex-tm-k10c-r1","status":"publish","type":"product","link":"https:\/\/motokary-karting.sk\/pl\/produkt\/piest-vertex-tm-k10c-r1\/","title":{"rendered":"T\u0142ok VERTEX TM K10C - R1"},"content":{"rendered":"<p>T\u0142ok TM Racing KZ10C KZ R1 - Flat Sky ZERO STEP! - SEGMENT 0,8mm - Oryginalny<\/p>\n<p>Aby go u\u017cy\u0107, nale\u017cy zamontowa\u0107 now\u0105 kopu\u0142k\u0119 o kodzie CUP2641 (KZ10C KZ R1), kt\u00f3r\u0105 mo\u017cna wybra\u0107 w tej sekcji strony.<\/p>\n<p>Wszystkie t\u0142oki s\u0105 wyposa\u017cone w segment (pier\u015bcie\u0144 t\u0142okowy), sworze\u0144 i dwa pier\u015bcienie ustalaj\u0105ce.<\/p>\n<p>NOWE TUNINGOWANE T\u0141OKI!<\/p>\n<p>Wybierz, czy chcesz otrzyma\u0107 standardowy t\u0142ok, czy wybra\u0107 typ tuningu spo\u015br\u00f3d dw\u00f3ch dost\u0119pnych opcji:<\/p>\n<p>- Wy\u015bcigi (rozja\u015bnianie, wyg\u0142adzanie dna t\u0142oka)<\/p>\n<p>- Ekstremalne (skrajne odci\u0105\u017cenie, boczne, dolne, wewn\u0105trz t\u0142oka)<\/p>","protected":false},"excerpt":{"rendered":"<p>T\u0142ok TM Racing KZ10C KZ R1 - Flat Sky ZERO TIER! - SEGMENT 0,8mm - Oryginalny Aby go u\u017cy\u0107 nale\u017cy zamontowa\u0107 now\u0105 kopu\u0142k\u0119 z...<\/p>","protected":false},"featured_media":14301,"template":"","meta":[],"product_brand":[],"product_cat":[2332,2333,645,858],"product_tag":[142,1344,2825,81,2824,2826,2978,2823,2827,2979],"class_list":{"0":"post-14296","1":"product","2":"type-product","3":"status-publish","4":"has-post-thumbnail","6":"product_cat-model-tm-k10c","7":"product_cat-model-tm-kz-r1","8":"product_cat-nahradne-diely-na-motory","9":"product_cat-tm-racing-nahradne-diely-na-motory","10":"product_tag-karting","11":"product_tag-karting-shop","12":"product_tag-motokarovy-piest","13":"product_tag-motokary","14":"product_tag-piest-do-motora-tm-racing","15":"product_tag-piest-na-motokaru","16":"product_tag-piest-tm-k10c","17":"product_tag-piest-tm-racing","18":"product_tag-piest-tm-racing-k9b","19":"product_tag-piest-tm-racing-kz-r1","21":"first","22":"onbackorder","23":"taxable","24":"shipping-taxable","25":"purchasable","26":"product-type-variable","27":"customify-col"},"aioseo_notices":[],"_links":{"self":[{"href":"https:\/\/motokary-karting.sk\/pl\/wp-json\/wp\/v2\/product\/14296","targetHints":{"allow":["GET"]}}],"collection":[{"href":"https:\/\/motokary-karting.sk\/pl\/wp-json\/wp\/v2\/product"}],"about":[{"href":"https:\/\/motokary-karting.sk\/pl\/wp-json\/wp\/v2\/types\/product"}],"wp:featuredmedia":[{"embeddable":true,"href":"https:\/\/motokary-karting.sk\/pl\/wp-json\/wp\/v2\/media\/14301"}],"wp:attachment":[{"href":"https:\/\/motokary-karting.sk\/pl\/wp-json\/wp\/v2\/media?parent=14296"}],"wp:term":[{"taxonomy":"product_brand","embeddable":true,"href":"https:\/\/motokary-karting.sk\/pl\/wp-json\/wp\/v2\/product_brand?post=14296"},{"taxonomy":"product_cat","embeddable":true,"href":"https:\/\/motokary-karting.sk\/pl\/wp-json\/wp\/v2\/product_cat?post=14296"},{"taxonomy":"product_tag","embeddable":true,"href":"https:\/\/motokary-karting.sk\/pl\/wp-json\/wp\/v2\/product_tag?post=14296"}],"curies":[{"name":"wp","href":"https:\/\/api.w.org\/{rel}","templated":true}]}}