{"id":14357,"date":"2022-02-25T10:23:02","date_gmt":"2022-02-25T10:23:02","guid":{"rendered":"https:\/\/motokary-karting.sk\/?post_type=product&#038;p=14357"},"modified":"2025-05-05T13:46:21","modified_gmt":"2025-05-05T13:46:21","slug":"zestaw-2szt-podkladek-mimosrodowych-otwor-10mm-srednica-10mm","status":"publish","type":"product","link":"https:\/\/motokary-karting.sk\/pl\/produkt\/sada-2ks-excentricka-podlozka-diera-10mm-priemer-10mm\/","title":{"rendered":"ZESTAW 2szt - Podk\u0142adka mimo\u015brodowa otw\u00f3r 10mm \u015brednica 10mm"},"content":{"rendered":"","protected":false},"excerpt":{"rendered":"","protected":false},"featured_media":14358,"template":"","meta":[],"product_brand":[],"product_cat":[271,378],"product_tag":[2027,1540,1539,142,1344,81],"class_list":{"0":"post-14357","1":"product","2":"type-product","3":"status-publish","4":"has-post-thumbnail","6":"product_cat-nahradne-diely-na-podvozky","7":"product_cat-riadenie-prislusenstvo","8":"product_tag-excenter","9":"product_tag-excentricka-podlozka","10":"product_tag-excentricka-podlozka-riadenia","11":"product_tag-karting","12":"product_tag-karting-shop","13":"product_tag-motokary","15":"first","16":"instock","17":"taxable","18":"shipping-taxable","19":"purchasable","20":"product-type-simple","21":"customify-col"},"aioseo_notices":[],"_links":{"self":[{"href":"https:\/\/motokary-karting.sk\/pl\/wp-json\/wp\/v2\/product\/14357","targetHints":{"allow":["GET"]}}],"collection":[{"href":"https:\/\/motokary-karting.sk\/pl\/wp-json\/wp\/v2\/product"}],"about":[{"href":"https:\/\/motokary-karting.sk\/pl\/wp-json\/wp\/v2\/types\/product"}],"wp:featuredmedia":[{"embeddable":true,"href":"https:\/\/motokary-karting.sk\/pl\/wp-json\/wp\/v2\/media\/14358"}],"wp:attachment":[{"href":"https:\/\/motokary-karting.sk\/pl\/wp-json\/wp\/v2\/media?parent=14357"}],"wp:term":[{"taxonomy":"product_brand","embeddable":true,"href":"https:\/\/motokary-karting.sk\/pl\/wp-json\/wp\/v2\/product_brand?post=14357"},{"taxonomy":"product_cat","embeddable":true,"href":"https:\/\/motokary-karting.sk\/pl\/wp-json\/wp\/v2\/product_cat?post=14357"},{"taxonomy":"product_tag","embeddable":true,"href":"https:\/\/motokary-karting.sk\/pl\/wp-json\/wp\/v2\/product_tag?post=14357"}],"curies":[{"name":"wp","href":"https:\/\/api.w.org\/{rel}","templated":true}]}}