{"id":14389,"date":"2022-02-28T12:17:54","date_gmt":"2022-02-28T12:17:54","guid":{"rendered":"https:\/\/motokary-karting.sk\/?post_type=product&#038;p=14389"},"modified":"2026-01-31T11:37:21","modified_gmt":"2026-01-31T11:37:21","slug":"listwy-spojlera-bocznego-100-mm-zestaw-2-sztuk","status":"publish","type":"product","link":"https:\/\/motokary-karting.sk\/pl\/produkt\/pruzina-na-bocne-spojlery-100mm-sada-2ks\/","title":{"rendered":"Spr\u0119\u017cyna do spojler\u00f3w bocznych 100 mm | ZESTAW 2 szt."},"content":{"rendered":"","protected":false},"excerpt":{"rendered":"","protected":false},"featured_media":14390,"template":"","meta":[],"product_brand":[],"product_cat":[271,276,184],"product_tag":[246,142,81,420,2986,2987,603,601],"class_list":{"0":"post-14389","1":"product","2":"type-product","3":"status-publish","4":"has-post-thumbnail","6":"product_cat-nahradne-diely-na-podvozky","7":"product_cat-ostatne","8":"product_cat-spojlery-prislusenstvo","9":"product_tag-kart","10":"product_tag-karting","11":"product_tag-motokary","12":"product_tag-pruzina","13":"product_tag-pruzina-bocnych-spojlerov","14":"product_tag-pruzina-drziakov-bocnych-spojlerov","15":"product_tag-pruzina-na-pedal","16":"product_tag-spring","18":"first","19":"instock","20":"sale","21":"taxable","22":"shipping-taxable","23":"purchasable","24":"product-type-simple","25":"customify-col"},"aioseo_notices":[],"_links":{"self":[{"href":"https:\/\/motokary-karting.sk\/pl\/wp-json\/wp\/v2\/product\/14389","targetHints":{"allow":["GET"]}}],"collection":[{"href":"https:\/\/motokary-karting.sk\/pl\/wp-json\/wp\/v2\/product"}],"about":[{"href":"https:\/\/motokary-karting.sk\/pl\/wp-json\/wp\/v2\/types\/product"}],"wp:featuredmedia":[{"embeddable":true,"href":"https:\/\/motokary-karting.sk\/pl\/wp-json\/wp\/v2\/media\/14390"}],"wp:attachment":[{"href":"https:\/\/motokary-karting.sk\/pl\/wp-json\/wp\/v2\/media?parent=14389"}],"wp:term":[{"taxonomy":"product_brand","embeddable":true,"href":"https:\/\/motokary-karting.sk\/pl\/wp-json\/wp\/v2\/product_brand?post=14389"},{"taxonomy":"product_cat","embeddable":true,"href":"https:\/\/motokary-karting.sk\/pl\/wp-json\/wp\/v2\/product_cat?post=14389"},{"taxonomy":"product_tag","embeddable":true,"href":"https:\/\/motokary-karting.sk\/pl\/wp-json\/wp\/v2\/product_tag?post=14389"}],"curies":[{"name":"wp","href":"https:\/\/api.w.org\/{rel}","templated":true}]}}