{"id":14647,"date":"2022-04-01T07:12:06","date_gmt":"2022-04-01T07:12:06","guid":{"rendered":"https:\/\/motokary-karting.sk\/?post_type=product&#038;p=14647"},"modified":"2026-03-31T06:28:53","modified_gmt":"2026-03-31T06:28:53","slug":"spray-do-czyszczenia-wnetrza-kasku-petronas-75ml","status":"publish","type":"product","link":"https:\/\/motokary-karting.sk\/pl\/produkt\/petronas-cistic-interieru-prilby-v-spreji-75ml\/","title":{"rendered":"PETRONAS spray do czyszczenia wn\u0119trza kasku 75ml"},"content":{"rendered":"<p>\u015arodek do czyszczenia wn\u0119trza kasku Petronas (do u\u017cytku wewn\u0105trz pomieszcze\u0144)<\/p>\n<p>75 ml<\/p>\n<p>Produkt zosta\u0142 specjalnie opracowany do dezynfekcji wy\u015bci\u00f3\u0142ki kasku.<\/p>\n<p>Dzia\u0142a poprzez codzienn\u0105 penetracj\u0119 wy\u015bci\u00f3\u0142ki w kontakcie z t\u0142uszczem i potem uwalnianym ze sk\u00f3ry i w\u0142os\u00f3w.<\/p>\n<p>Zawarte sk\u0142adniki aktywne dzia\u0142aj\u0105 dog\u0142\u0119bnie i pozostawiaj\u0105 \u015bwie\u017cy, czysty zapach.<\/p>","protected":false},"excerpt":{"rendered":"<p>Petronas Helmet Interior Cleaner (do u\u017cytku wewn\u0119trznego) 75 ml Produkt zosta\u0142 specjalnie opracowany do dezynfekcji wy\u015bci\u00f3\u0142ki kasku. Jego dzia\u0142anie polega na codziennej penetracji wy\u015bci\u00f3\u0142ki w...<\/p>","protected":false},"featured_media":14648,"template":"","meta":[],"product_brand":[],"product_cat":[2767,2722,3351,2764,2768,21,3317,2766,2765,3348],"product_tag":[2272,2876,2271,142,1344,81,2269,2877,2270],"class_list":{"0":"post-14647","1":"product","2":"type-product","3":"status-publish","4":"has-post-thumbnail","6":"product_cat-arai-prislusenstvo","7":"product_cat-bell-prislusenstvo","8":"product_cat-cistice-na-prilby","9":"product_cat-ls2-prislusenstvo","10":"product_cat-omp-prislusenstvo","11":"product_cat-prilby","12":"product_cat-schuberth-prislusenstvi","13":"product_cat-sparco-prislusenstvo","14":"product_cat-stilo-prislusenstvo","15":"product_cat-zamp-prislusenstvo","16":"product_tag-cistic-prilby","17":"product_tag-cistic-vnutrajska-prilby","18":"product_tag-helmet-visor-cleaner","19":"product_tag-karting","20":"product_tag-karting-shop","21":"product_tag-motokary","22":"product_tag-visor-cleaner","23":"product_tag-vnutorny-cistic-prilby","24":"product_tag-xeramic","26":"first","27":"instock","28":"sale","29":"taxable","30":"shipping-taxable","31":"purchasable","32":"product-type-simple","33":"customify-col"},"aioseo_notices":[],"_links":{"self":[{"href":"https:\/\/motokary-karting.sk\/pl\/wp-json\/wp\/v2\/product\/14647","targetHints":{"allow":["GET"]}}],"collection":[{"href":"https:\/\/motokary-karting.sk\/pl\/wp-json\/wp\/v2\/product"}],"about":[{"href":"https:\/\/motokary-karting.sk\/pl\/wp-json\/wp\/v2\/types\/product"}],"wp:featuredmedia":[{"embeddable":true,"href":"https:\/\/motokary-karting.sk\/pl\/wp-json\/wp\/v2\/media\/14648"}],"wp:attachment":[{"href":"https:\/\/motokary-karting.sk\/pl\/wp-json\/wp\/v2\/media?parent=14647"}],"wp:term":[{"taxonomy":"product_brand","embeddable":true,"href":"https:\/\/motokary-karting.sk\/pl\/wp-json\/wp\/v2\/product_brand?post=14647"},{"taxonomy":"product_cat","embeddable":true,"href":"https:\/\/motokary-karting.sk\/pl\/wp-json\/wp\/v2\/product_cat?post=14647"},{"taxonomy":"product_tag","embeddable":true,"href":"https:\/\/motokary-karting.sk\/pl\/wp-json\/wp\/v2\/product_tag?post=14647"}],"curies":[{"name":"wp","href":"https:\/\/api.w.org\/{rel}","templated":true}]}}