{"id":147,"date":"2021-12-30T10:31:18","date_gmt":"2021-12-30T10:31:18","guid":{"rendered":"https:\/\/motokary-karting.sk\/?post_type=product&#038;p=147"},"modified":"2025-01-01T17:01:47","modified_gmt":"2025-01-01T17:01:47","slug":"mac-minarelli-hurricane-minicart-l","status":"publish","type":"product","link":"https:\/\/motokary-karting.sk\/pl\/produkt\/mac-minarelli-hurricane-minikart-l\/","title":{"rendered":"Podwozie gokartowe Mac Minarelli HURRICANE MINIKART"},"content":{"rendered":"<p>-czarny kolor ramki<br \/>\n-Zatwierdzenie FIA ACI 21\/CH\/20<br \/>\n-Kategoria: Minikart<br \/>\n-Rama: Chrom Molibden \u015arednica 28mm<br \/>\n-O\u015b tylna 30 mm<br \/>\n-obj\u0119to\u015b\u0107 320 mm - logo Mac Minarelli<br \/>\n-homologowane wszystkie spojlery i tworzywa sztuczne<\/p>\n<p>-P\u0142ywaj\u0105ce tarcze hamulcowe o zwi\u0119kszonej skuteczno\u015bci<br \/>\n-homologowane wszystkie spojlery i plastiki IBR wliczone w cen\u0119 wraz ze wspornikami i naklejkami od producenta<br \/>\n-dolny uchwyt wydechu<br \/>\n-os\u0142ona \u0142a\u0144cucha<br \/>\n-\u0141uki, bovdensy, dysze, w\u0119\u017ce do benzyny, wszystko w zestawie<\/p>\n<p>Gokart jest dost\u0119pny w naszym sklepie.<\/p>","protected":false},"excerpt":{"rendered":"<p>-czarny kolor ramy - homologacja FIA ACI 21\/CH\/20 -kategoria: Minicart - rama: chromowo-molibdenowa -\u015brednica 28 mm -o\u015b tylna 30 mm -obj\u0119to\u015b\u0107 320 mm -logo Mac Minarelli -homologowane wszystkie...<\/p>","protected":false},"featured_media":13216,"template":"","meta":[],"product_brand":[],"product_cat":[222,16],"product_tag":[142,1344,2387,39,2388,2389,34,2386,1698],"class_list":{"0":"post-147","1":"product","2":"type-product","3":"status-publish","4":"has-post-thumbnail","6":"product_cat-mac-minarelli","7":"product_cat-motokary","8":"product_tag-karting","9":"product_tag-karting-shop","10":"product_tag-mac-minarelli-minikart","11":"product_tag-macminarelli","12":"product_tag-minikart","13":"product_tag-minikart-mac-minarelli","14":"product_tag-motokara","15":"product_tag-nova-motokara-na-predaj","16":"product_tag-predajna-motokar","18":"first","19":"onbackorder","20":"taxable","21":"shipping-taxable","22":"purchasable","23":"product-type-simple","24":"customify-col","25":"product-has-gallery"},"aioseo_notices":[],"_links":{"self":[{"href":"https:\/\/motokary-karting.sk\/pl\/wp-json\/wp\/v2\/product\/147","targetHints":{"allow":["GET"]}}],"collection":[{"href":"https:\/\/motokary-karting.sk\/pl\/wp-json\/wp\/v2\/product"}],"about":[{"href":"https:\/\/motokary-karting.sk\/pl\/wp-json\/wp\/v2\/types\/product"}],"wp:featuredmedia":[{"embeddable":true,"href":"https:\/\/motokary-karting.sk\/pl\/wp-json\/wp\/v2\/media\/13216"}],"wp:attachment":[{"href":"https:\/\/motokary-karting.sk\/pl\/wp-json\/wp\/v2\/media?parent=147"}],"wp:term":[{"taxonomy":"product_brand","embeddable":true,"href":"https:\/\/motokary-karting.sk\/pl\/wp-json\/wp\/v2\/product_brand?post=147"},{"taxonomy":"product_cat","embeddable":true,"href":"https:\/\/motokary-karting.sk\/pl\/wp-json\/wp\/v2\/product_cat?post=147"},{"taxonomy":"product_tag","embeddable":true,"href":"https:\/\/motokary-karting.sk\/pl\/wp-json\/wp\/v2\/product_tag?post=147"}],"curies":[{"name":"wp","href":"https:\/\/api.w.org\/{rel}","templated":true}]}}