{"id":14711,"date":"2022-04-14T06:58:10","date_gmt":"2022-04-14T06:58:10","guid":{"rendered":"https:\/\/motokary-karting.sk\/?post_type=product&#038;p=14711"},"modified":"2024-06-17T09:50:36","modified_gmt":"2024-06-17T09:50:36","slug":"sruba-odpowietrznika-zacisku-hamulcowego-m10","status":"publish","type":"product","link":"https:\/\/motokary-karting.sk\/pl\/produkt\/prietokova-skrutka-brzdoveho-valca-m10\/","title":{"rendered":"\u015aruba przep\u0142ywu si\u0142ownika hamulcowego M10"},"content":{"rendered":"","protected":false},"excerpt":{"rendered":"","protected":false},"featured_media":14712,"template":"","meta":[],"product_brand":[],"product_cat":[1559,302,271,1550],"product_tag":[445,2132,142,2133,1344,2131,81,3016,443],"class_list":{"0":"post-14711","1":"product","2":"type-product","3":"status-publish","4":"has-post-thumbnail","6":"product_cat-brzdove-pumpy","7":"product_cat-brzdy-prislusenstvo","8":"product_cat-nahradne-diely-na-podvozky","9":"product_cat-ostatne-brzdy-prislusenstvo","10":"product_tag-brzdova-hadica","11":"product_tag-brzdy-na-motokaru","12":"product_tag-karting","13":"product_tag-karting-brakes","14":"product_tag-karting-shop","15":"product_tag-motokarove-brzdy","16":"product_tag-motokary","17":"product_tag-prietokova-skrutka-m10","18":"product_tag-spojka-na-brzdovu-hadicu","20":"first","21":"instock","22":"taxable","23":"shipping-taxable","24":"purchasable","25":"product-type-simple","26":"customify-col"},"aioseo_notices":[],"_links":{"self":[{"href":"https:\/\/motokary-karting.sk\/pl\/wp-json\/wp\/v2\/product\/14711","targetHints":{"allow":["GET"]}}],"collection":[{"href":"https:\/\/motokary-karting.sk\/pl\/wp-json\/wp\/v2\/product"}],"about":[{"href":"https:\/\/motokary-karting.sk\/pl\/wp-json\/wp\/v2\/types\/product"}],"wp:featuredmedia":[{"embeddable":true,"href":"https:\/\/motokary-karting.sk\/pl\/wp-json\/wp\/v2\/media\/14712"}],"wp:attachment":[{"href":"https:\/\/motokary-karting.sk\/pl\/wp-json\/wp\/v2\/media?parent=14711"}],"wp:term":[{"taxonomy":"product_brand","embeddable":true,"href":"https:\/\/motokary-karting.sk\/pl\/wp-json\/wp\/v2\/product_brand?post=14711"},{"taxonomy":"product_cat","embeddable":true,"href":"https:\/\/motokary-karting.sk\/pl\/wp-json\/wp\/v2\/product_cat?post=14711"},{"taxonomy":"product_tag","embeddable":true,"href":"https:\/\/motokary-karting.sk\/pl\/wp-json\/wp\/v2\/product_tag?post=14711"}],"curies":[{"name":"wp","href":"https:\/\/api.w.org\/{rel}","templated":true}]}}