{"id":14853,"date":"2022-05-17T12:54:40","date_gmt":"2022-05-17T12:54:40","guid":{"rendered":"https:\/\/motokary-karting.sk\/?post_type=product&#038;p=14853"},"modified":"2026-04-29T08:16:20","modified_gmt":"2026-04-29T08:16:20","slug":"licznik-motogodzin-pet-3200r-licznik-motogodzin","status":"publish","type":"product","link":"https:\/\/motokary-karting.sk\/pl\/produkt\/hodinometer-pet-3200r-merac-moto-hodin\/","title":{"rendered":"Licznik motogodzin PET-3200R - licznik motogodzin"},"content":{"rendered":"<p>Praktyczny i niewielki - licznik zegarowy PET 3200<\/p>\n<p>Ten por\u0119czny licznik o wielko\u015bci monety 2 \u20ac montuje si\u0119 bezpo\u015brednio na kablu szpuli bez konieczno\u015bci korzystania z pilota i mechanika.<\/p>","protected":false},"excerpt":{"rendered":"<p>Praktyczny i niewielki - licznik zegarowy PET 3200 Ten por\u0119czny licznik wielko\u015bci monety 2 \u20ac montuje si\u0119 bezpo\u015brednio na kablu cewki bez konieczno\u015bci stosowania pilota....<\/p>","protected":false},"featured_media":14854,"template":"","meta":[],"product_brand":[],"product_cat":[2333,3361,371,2684,2683,2685,335,1311],"product_tag":[2903,2904,2906,2905,2902,142,1344,81],"class_list":{"0":"post-14853","1":"product","2":"type-product","3":"status-publish","4":"has-post-thumbnail","6":"product_cat-model-tm-kz-r1","7":"product_cat-ostatne-telemetrieapristroje","8":"product_cat-ostatne-prislusenstvokmotorom","9":"product_cat-sekcia-baterka-nabijacka","10":"product_cat-sekcia-elekricka-sustava","11":"product_cat-sekcia-kabelaz","12":"product_cat-telemetrieapristroje","13":"product_cat-zapalovacie-sviecky","14":"product_tag-hodinometer","15":"product_tag-hodinometer-2takt","16":"product_tag-hodinometer-4takt","17":"product_tag-hodinometer-4taktz","18":"product_tag-hoodimer","19":"product_tag-karting","20":"product_tag-karting-shop","21":"product_tag-motokary","23":"first","24":"onbackorder","25":"taxable","26":"shipping-taxable","27":"purchasable","28":"product-type-simple","29":"customify-col"},"aioseo_notices":[],"_links":{"self":[{"href":"https:\/\/motokary-karting.sk\/pl\/wp-json\/wp\/v2\/product\/14853","targetHints":{"allow":["GET"]}}],"collection":[{"href":"https:\/\/motokary-karting.sk\/pl\/wp-json\/wp\/v2\/product"}],"about":[{"href":"https:\/\/motokary-karting.sk\/pl\/wp-json\/wp\/v2\/types\/product"}],"wp:featuredmedia":[{"embeddable":true,"href":"https:\/\/motokary-karting.sk\/pl\/wp-json\/wp\/v2\/media\/14854"}],"wp:attachment":[{"href":"https:\/\/motokary-karting.sk\/pl\/wp-json\/wp\/v2\/media?parent=14853"}],"wp:term":[{"taxonomy":"product_brand","embeddable":true,"href":"https:\/\/motokary-karting.sk\/pl\/wp-json\/wp\/v2\/product_brand?post=14853"},{"taxonomy":"product_cat","embeddable":true,"href":"https:\/\/motokary-karting.sk\/pl\/wp-json\/wp\/v2\/product_cat?post=14853"},{"taxonomy":"product_tag","embeddable":true,"href":"https:\/\/motokary-karting.sk\/pl\/wp-json\/wp\/v2\/product_tag?post=14853"}],"curies":[{"name":"wp","href":"https:\/\/api.w.org\/{rel}","templated":true}]}}