{"id":15037,"date":"2022-06-06T18:04:37","date_gmt":"2022-06-06T18:04:37","guid":{"rendered":"https:\/\/motokary-karting.sk\/?post_type=product&#038;p=15037"},"modified":"2024-02-15T12:44:47","modified_gmt":"2024-02-15T12:44:47","slug":"kurtka-sparco-zapinana-na-zamek","status":"publish","type":"product","link":"https:\/\/motokary-karting.sk\/pl\/produkt\/sparco-bunda-na-zips\/","title":{"rendered":"Kurtka Sparco z zamkiem b\u0142yskawicznym"},"content":{"rendered":"<p><b>Bluza z kapturem Sparco<\/b>\u00a0z wysokim ko\u0142nierzem i zapinanymi na zamek kieszeniami po bokach.<\/p>\n<div>53% bawe\u0142na, 41% poliester, 6% elastan<\/div>\n<div><\/div>\n<div>Kolory: granatowy\/czarny, szary\/czarny, czarny, czarny\/niebieski<\/div>","protected":false},"excerpt":{"rendered":"<p>Bluza z kapturem Sparco z wysok\u0105 st\u00f3jk\u0105 i zapinanymi na zamek kieszeniami po bokach. 53% bawe\u0142na, 41% poliester, 6% elastan Kolory: granatowy\/czarny, szary\/czarny, czarny, czarny\/niebieski<\/p>","protected":false},"featured_media":15059,"template":"","meta":[],"product_brand":[],"product_cat":[2916,32],"product_tag":[3059,3061,3058,1728,142,213,3062,81,26,1419,1418,3057,3060,1755],"class_list":{"0":"post-15037","1":"product","2":"type-product","3":"status-publish","4":"has-post-thumbnail","6":"product_cat-bundy","7":"product_cat-lifestyle-oblecenie-a-produkty-na-volny-cas","8":"product_tag-bunda-na-zips","9":"product_tag-bunda-na-zips-sparco","10":"product_tag-bunda-sparco","11":"product_tag-kart-shop","12":"product_tag-karting","13":"product_tag-lifestyle","14":"product_tag-mikinova-bunda","15":"product_tag-motokary","16":"product_tag-sparco","17":"product_tag-sparco-bomber","18":"product_tag-sparco-bomber-bunda","19":"product_tag-sparco-bunda","20":"product_tag-sparco-bunda-na-zips","21":"product_tag-sparco-shop","23":"first","24":"onbackorder","25":"taxable","26":"shipping-taxable","27":"purchasable","28":"product-type-variable","29":"customify-col","30":"product-has-gallery"},"aioseo_notices":[],"_links":{"self":[{"href":"https:\/\/motokary-karting.sk\/pl\/wp-json\/wp\/v2\/product\/15037","targetHints":{"allow":["GET"]}}],"collection":[{"href":"https:\/\/motokary-karting.sk\/pl\/wp-json\/wp\/v2\/product"}],"about":[{"href":"https:\/\/motokary-karting.sk\/pl\/wp-json\/wp\/v2\/types\/product"}],"wp:featuredmedia":[{"embeddable":true,"href":"https:\/\/motokary-karting.sk\/pl\/wp-json\/wp\/v2\/media\/15059"}],"wp:attachment":[{"href":"https:\/\/motokary-karting.sk\/pl\/wp-json\/wp\/v2\/media?parent=15037"}],"wp:term":[{"taxonomy":"product_brand","embeddable":true,"href":"https:\/\/motokary-karting.sk\/pl\/wp-json\/wp\/v2\/product_brand?post=15037"},{"taxonomy":"product_cat","embeddable":true,"href":"https:\/\/motokary-karting.sk\/pl\/wp-json\/wp\/v2\/product_cat?post=15037"},{"taxonomy":"product_tag","embeddable":true,"href":"https:\/\/motokary-karting.sk\/pl\/wp-json\/wp\/v2\/product_tag?post=15037"}],"curies":[{"name":"wp","href":"https:\/\/api.w.org\/{rel}","templated":true}]}}