{"id":15183,"date":"2022-06-07T17:27:13","date_gmt":"2022-06-07T17:27:13","guid":{"rendered":"https:\/\/motokary-karting.sk\/?post_type=product&#038;p=15183"},"modified":"2024-02-15T12:39:04","modified_gmt":"2024-02-15T12:39:04","slug":"kurtka-sportowa-sparco-martini-racing","status":"publish","type":"product","link":"https:\/\/motokary-karting.sk\/pl\/produkt\/sparco-sportova-bunda-martini-racing\/","title":{"rendered":"Kurtka sportowa Sparco MARTINI RACING Track"},"content":{"rendered":"<div class=\"product-detail-description-text\"><span><span class=\"\">Projekt\u00a0<\/span><\/span><b><span><span class=\"\">Sparco TRACK JACKET<\/span><\/span><\/b><span><span class=\"\">\u00a0jest technicznie do\u015b\u0107 prosty, ale jego szczeg\u00f3\u0142y sprawiaj\u0105, \u017ce jest niepowtarzalny.<\/span><\/span><b><\/b><span> Legendarne logo MARTINI RACING i unikalny pasek zdobi\u0105 przedni\u0105 kiesze\u0144, r\u0119kaw, a nawet wewn\u0119trzn\u0105 stron\u0119 przedniej plisy.<\/span><\/p>\n<div>\n<div><span>Cztery kieszenie z klapk\u0105, dwie kieszenie wewn\u0119trzne, odpinany kaptur ze sznurkiem i regulowane mankiety sprawiaj\u0105, \u017ce jest to praktyczny i solidny towarzysz w przestrzeniach zewn\u0119trznych. Cholewka odporna na deszcz.\u00a0<\/span><\/div>\n<div><\/div>\n<div><span>Materia\u0142: poliamid 100%<\/span><br \/>\n<span>Kolor: ciemnoniebieski<\/span><\/div>\n<\/div>\n<\/div>\n<div class=\"product-detail-properties\">\n<div class=\"row product-detail-properties-container\">\n<div class=\"col-md-10 col-lg-6\"><\/div>\n<\/div>\n<\/div>","protected":false},"excerpt":{"rendered":"<p>Konstrukcja kurtki Sparco TRACK JACKET jest technicznie do\u015b\u0107 prosta, ale jej detale sprawiaj\u0105, \u017ce jest niepowtarzalna. Legendarne logo MARTINI RACING i unikalny pasek zdobi\u0105 przedni\u0105 kiesze\u0144, r\u0119kaw i...<\/p>","protected":false},"featured_media":15208,"template":"","meta":[],"product_brand":[],"product_cat":[2916,32,1458],"product_tag":[3073,3059,3061,3058,1728,142,213,1421,3074,81,26,1419,1418,3057,3060,1420,1755,3068,3066,3067],"class_list":{"0":"post-15183","1":"product","2":"type-product","3":"status-publish","4":"has-post-thumbnail","6":"product_cat-bundy","7":"product_cat-lifestyle-oblecenie-a-produkty-na-volny-cas","8":"product_cat-martini-racing","9":"product_tag-bunda-martini-racing","10":"product_tag-bunda-na-zips","11":"product_tag-bunda-na-zips-sparco","12":"product_tag-bunda-sparco","13":"product_tag-kart-shop","14":"product_tag-karting","15":"product_tag-lifestyle","16":"product_tag-martini-racing","17":"product_tag-martini-racing-buda","18":"product_tag-motokary","19":"product_tag-sparco","20":"product_tag-sparco-bomber","21":"product_tag-sparco-bomber-bunda","22":"product_tag-sparco-bunda","23":"product_tag-sparco-bunda-na-zips","24":"product_tag-sparco-martini-racing","25":"product_tag-sparco-shop","26":"product_tag-sparco-sportova-bunda","27":"product_tag-sportova-bunda","28":"product_tag-sportova-bunda-sparco","30":"first","31":"onbackorder","32":"sale","33":"taxable","34":"shipping-taxable","35":"purchasable","36":"product-type-variable","37":"customify-col","38":"product-has-gallery"},"aioseo_notices":[],"_links":{"self":[{"href":"https:\/\/motokary-karting.sk\/pl\/wp-json\/wp\/v2\/product\/15183","targetHints":{"allow":["GET"]}}],"collection":[{"href":"https:\/\/motokary-karting.sk\/pl\/wp-json\/wp\/v2\/product"}],"about":[{"href":"https:\/\/motokary-karting.sk\/pl\/wp-json\/wp\/v2\/types\/product"}],"wp:featuredmedia":[{"embeddable":true,"href":"https:\/\/motokary-karting.sk\/pl\/wp-json\/wp\/v2\/media\/15208"}],"wp:attachment":[{"href":"https:\/\/motokary-karting.sk\/pl\/wp-json\/wp\/v2\/media?parent=15183"}],"wp:term":[{"taxonomy":"product_brand","embeddable":true,"href":"https:\/\/motokary-karting.sk\/pl\/wp-json\/wp\/v2\/product_brand?post=15183"},{"taxonomy":"product_cat","embeddable":true,"href":"https:\/\/motokary-karting.sk\/pl\/wp-json\/wp\/v2\/product_cat?post=15183"},{"taxonomy":"product_tag","embeddable":true,"href":"https:\/\/motokary-karting.sk\/pl\/wp-json\/wp\/v2\/product_tag?post=15183"}],"curies":[{"name":"wp","href":"https:\/\/api.w.org\/{rel}","templated":true}]}}