{"id":1544,"date":"2021-01-30T13:26:31","date_gmt":"2021-01-30T13:26:31","guid":{"rendered":"https:\/\/motokary-karting.sk\/?post_type=product&#038;p=1544"},"modified":"2026-04-28T07:36:42","modified_gmt":"2026-04-28T07:36:42","slug":"drazek-kierowniczy-czarny-rozne-dlugosci","status":"publish","type":"product","link":"https:\/\/motokary-karting.sk\/pl\/produkt\/spojovacia-tycka-riadenia-cierna-rozne-dlzky\/","title":{"rendered":"ZESTAW 2 z\u0142\u0105czy dr\u0105\u017cka kierowniczego - aluminium czarne 8 mm | r\u00f3\u017cne d\u0142ugo\u015bci"},"content":{"rendered":"","protected":false},"excerpt":{"rendered":"","protected":false},"featured_media":19743,"template":"","meta":[],"product_brand":[],"product_cat":[271,378],"product_tag":[1344,34,2329,81,289,305,2327,288,2328],"class_list":{"0":"post-1544","1":"product","2":"type-product","3":"status-publish","4":"has-post-thumbnail","6":"product_cat-nahradne-diely-na-podvozky","7":"product_cat-riadenie-prislusenstvo","8":"product_tag-karting-shop","9":"product_tag-motokara","10":"product_tag-motokarove-tycky-riadenia","11":"product_tag-motokary","12":"product_tag-spojovacia-tycka","13":"product_tag-spojovacia-tycka-riadenia","14":"product_tag-spojovacie-tycky-na-riadenie","15":"product_tag-spojovacka","16":"product_tag-tycky-riadenia","18":"first","19":"instock","20":"sale","21":"taxable","22":"shipping-taxable","23":"purchasable","24":"product-type-variable","25":"customify-col"},"aioseo_notices":[],"_links":{"self":[{"href":"https:\/\/motokary-karting.sk\/pl\/wp-json\/wp\/v2\/product\/1544","targetHints":{"allow":["GET"]}}],"collection":[{"href":"https:\/\/motokary-karting.sk\/pl\/wp-json\/wp\/v2\/product"}],"about":[{"href":"https:\/\/motokary-karting.sk\/pl\/wp-json\/wp\/v2\/types\/product"}],"wp:featuredmedia":[{"embeddable":true,"href":"https:\/\/motokary-karting.sk\/pl\/wp-json\/wp\/v2\/media\/19743"}],"wp:attachment":[{"href":"https:\/\/motokary-karting.sk\/pl\/wp-json\/wp\/v2\/media?parent=1544"}],"wp:term":[{"taxonomy":"product_brand","embeddable":true,"href":"https:\/\/motokary-karting.sk\/pl\/wp-json\/wp\/v2\/product_brand?post=1544"},{"taxonomy":"product_cat","embeddable":true,"href":"https:\/\/motokary-karting.sk\/pl\/wp-json\/wp\/v2\/product_cat?post=1544"},{"taxonomy":"product_tag","embeddable":true,"href":"https:\/\/motokary-karting.sk\/pl\/wp-json\/wp\/v2\/product_tag?post=1544"}],"curies":[{"name":"wp","href":"https:\/\/api.w.org\/{rel}","templated":true}]}}