{"id":1563,"date":"2020-06-30T18:09:55","date_gmt":"2020-06-30T18:09:55","guid":{"rendered":"https:\/\/motokary-karting.sk\/?post_type=product&#038;p=1563"},"modified":"2025-05-30T05:18:16","modified_gmt":"2025-05-30T05:18:16","slug":"oslona-dla-standardowego-lancucha","status":"publish","type":"product","link":"https:\/\/motokary-karting.sk\/pl\/produkt\/kryt-na-retaz-standard\/","title":{"rendered":"Os\u0142ona \u0142a\u0144cucha Standard"},"content":{"rendered":"","protected":false},"excerpt":{"rendered":"","protected":false},"featured_media":8956,"template":"","meta":[],"product_brand":[],"product_cat":[271,173,77,341],"product_tag":[142,1344,1343,314,315,34,2154,81],"class_list":{"0":"post-1563","1":"product","2":"type-product","3":"status-publish","4":"has-post-thumbnail","6":"product_cat-nahradne-diely-na-podvozky","7":"product_cat-podvozky-nahradne-diely","8":"product_cat-rental-karting","9":"product_cat-retaze-rozety-kryty-na-retaz","10":"product_tag-karting","11":"product_tag-karting-shop","12":"product_tag-kryt-na-retaz","13":"product_tag-kryt-retaze","14":"product_tag-kryt-retaze-standard","15":"product_tag-motokara","16":"product_tag-motokarove-diely","17":"product_tag-motokary","19":"first","20":"instock","21":"taxable","22":"shipping-taxable","23":"purchasable","24":"product-type-simple","25":"customify-col"},"aioseo_notices":[],"_links":{"self":[{"href":"https:\/\/motokary-karting.sk\/pl\/wp-json\/wp\/v2\/product\/1563","targetHints":{"allow":["GET"]}}],"collection":[{"href":"https:\/\/motokary-karting.sk\/pl\/wp-json\/wp\/v2\/product"}],"about":[{"href":"https:\/\/motokary-karting.sk\/pl\/wp-json\/wp\/v2\/types\/product"}],"wp:featuredmedia":[{"embeddable":true,"href":"https:\/\/motokary-karting.sk\/pl\/wp-json\/wp\/v2\/media\/8956"}],"wp:attachment":[{"href":"https:\/\/motokary-karting.sk\/pl\/wp-json\/wp\/v2\/media?parent=1563"}],"wp:term":[{"taxonomy":"product_brand","embeddable":true,"href":"https:\/\/motokary-karting.sk\/pl\/wp-json\/wp\/v2\/product_brand?post=1563"},{"taxonomy":"product_cat","embeddable":true,"href":"https:\/\/motokary-karting.sk\/pl\/wp-json\/wp\/v2\/product_cat?post=1563"},{"taxonomy":"product_tag","embeddable":true,"href":"https:\/\/motokary-karting.sk\/pl\/wp-json\/wp\/v2\/product_tag?post=1563"}],"curies":[{"name":"wp","href":"https:\/\/api.w.org\/{rel}","templated":true}]}}