{"id":1565,"date":"2020-06-30T18:22:13","date_gmt":"2020-06-30T18:22:13","guid":{"rendered":"https:\/\/motokary-karting.sk\/?post_type=product&#038;p=1565"},"modified":"2024-09-04T11:00:17","modified_gmt":"2024-09-04T11:00:17","slug":"obudowa-lozyska-tylnej-osi-40-50-mm","status":"publish","type":"product","link":"https:\/\/motokary-karting.sk\/pl\/produkt\/domec-loziska-pre-zadnu-os-40-50mm\/","title":{"rendered":"Obudowa \u0142o\u017cyska tylnej osi 40mm-50mm czarna \u00f8 80mm"},"content":{"rendered":"","protected":false},"excerpt":{"rendered":"","protected":false},"featured_media":1568,"template":"","meta":[],"product_brand":[],"product_cat":[271,670,671,173,77,368],"product_tag":[316,296,317,677,34,379],"class_list":{"0":"post-1565","1":"product","2":"type-product","3":"status-publish","4":"has-post-thumbnail","6":"product_cat-nahradne-diely-na-podvozky","7":"product_cat-o-40mm-zadne-osi-prislusenstvo","8":"product_cat-o-50mm-zadne-osi-prislusenstvo","9":"product_cat-podvozky-nahradne-diely","10":"product_cat-rental-karting","11":"product_cat-zadne-osi-prislusenstvo","12":"product_tag-domec","13":"product_tag-domec-loziska","14":"product_tag-housing","15":"product_tag-housing-for-axle-bearing","16":"product_tag-motokara","17":"product_tag-ulozenie-loziska","19":"first","20":"instock","21":"taxable","22":"shipping-taxable","23":"purchasable","24":"product-type-simple","25":"customify-col","26":"product-has-gallery"},"aioseo_notices":[],"_links":{"self":[{"href":"https:\/\/motokary-karting.sk\/pl\/wp-json\/wp\/v2\/product\/1565","targetHints":{"allow":["GET"]}}],"collection":[{"href":"https:\/\/motokary-karting.sk\/pl\/wp-json\/wp\/v2\/product"}],"about":[{"href":"https:\/\/motokary-karting.sk\/pl\/wp-json\/wp\/v2\/types\/product"}],"wp:featuredmedia":[{"embeddable":true,"href":"https:\/\/motokary-karting.sk\/pl\/wp-json\/wp\/v2\/media\/1568"}],"wp:attachment":[{"href":"https:\/\/motokary-karting.sk\/pl\/wp-json\/wp\/v2\/media?parent=1565"}],"wp:term":[{"taxonomy":"product_brand","embeddable":true,"href":"https:\/\/motokary-karting.sk\/pl\/wp-json\/wp\/v2\/product_brand?post=1565"},{"taxonomy":"product_cat","embeddable":true,"href":"https:\/\/motokary-karting.sk\/pl\/wp-json\/wp\/v2\/product_cat?post=1565"},{"taxonomy":"product_tag","embeddable":true,"href":"https:\/\/motokary-karting.sk\/pl\/wp-json\/wp\/v2\/product_tag?post=1565"}],"curies":[{"name":"wp","href":"https:\/\/api.w.org\/{rel}","templated":true}]}}