{"id":16058,"date":"2022-06-20T18:25:43","date_gmt":"2022-06-20T18:25:43","guid":{"rendered":"https:\/\/motokary-karting.sk\/?post_type=product&#038;p=16058"},"modified":"2023-01-01T12:47:24","modified_gmt":"2023-01-01T12:47:24","slug":"sparco-polokosela-martini-racing","status":"publish","type":"product","link":"https:\/\/motokary-karting.sk\/pl\/produkt\/sparco-polokosela-martini-racing\/","title":{"rendered":"Koszulka polo Sparco Martini Racing"},"content":{"rendered":"<p><strong><span>Koszulka polo Sparco<\/span><\/strong><span>\u00a0z naszywk\u0105 MARTINI RACING i pagonami w stylu sport\u00f3w motorowych.<\/span><\/p>\n<p><strong><span>100% bawe\u0142niana pikowana<\/span><\/strong><\/p>\n<p><strong><span>Kolory: ciemnoniebieski, czerwony, czarny, bia\u0142y<\/span><\/strong><\/p>","protected":false},"excerpt":{"rendered":"<p>Koszulka polo Sparco z naszywk\u0105 MARTINI RACING i pagonami w stylu sport\u00f3w motorowych. 100% bawe\u0142na piqu\u00e9 Kolory: granatowy, czerwony, czarny, bia\u0142y<\/p>","protected":false},"featured_media":16091,"template":"","meta":[],"product_brand":[],"product_cat":[32,1458,655],"product_tag":[1728,142,1344,1421,3126,81,3123,3124,945,26,946,1420,3125,1755,993,261,466],"class_list":{"0":"post-16058","1":"product","2":"type-product","3":"status-publish","4":"has-post-thumbnail","6":"product_cat-lifestyle-oblecenie-a-produkty-na-volny-cas","7":"product_cat-martini-racing","8":"product_cat-tricka","9":"product_tag-kart-shop","10":"product_tag-karting","11":"product_tag-karting-shop","12":"product_tag-martini-racing","13":"product_tag-martini-racing-sparco","14":"product_tag-motokary","15":"product_tag-polokosela","16":"product_tag-polokosela-sparco","17":"product_tag-predajna-sparco","18":"product_tag-sparco","19":"product_tag-sparco-dealer","20":"product_tag-sparco-martini-racing","21":"product_tag-sparco-polokosela","22":"product_tag-sparco-shop","23":"product_tag-sparco-tricko","24":"product_tag-tricko","25":"product_tag-tricko-sparco","27":"first","28":"onbackorder","29":"taxable","30":"shipping-taxable","31":"purchasable","32":"product-type-variable","33":"customify-col","34":"product-has-gallery"},"aioseo_notices":[],"_links":{"self":[{"href":"https:\/\/motokary-karting.sk\/pl\/wp-json\/wp\/v2\/product\/16058","targetHints":{"allow":["GET"]}}],"collection":[{"href":"https:\/\/motokary-karting.sk\/pl\/wp-json\/wp\/v2\/product"}],"about":[{"href":"https:\/\/motokary-karting.sk\/pl\/wp-json\/wp\/v2\/types\/product"}],"wp:featuredmedia":[{"embeddable":true,"href":"https:\/\/motokary-karting.sk\/pl\/wp-json\/wp\/v2\/media\/16091"}],"wp:attachment":[{"href":"https:\/\/motokary-karting.sk\/pl\/wp-json\/wp\/v2\/media?parent=16058"}],"wp:term":[{"taxonomy":"product_brand","embeddable":true,"href":"https:\/\/motokary-karting.sk\/pl\/wp-json\/wp\/v2\/product_brand?post=16058"},{"taxonomy":"product_cat","embeddable":true,"href":"https:\/\/motokary-karting.sk\/pl\/wp-json\/wp\/v2\/product_cat?post=16058"},{"taxonomy":"product_tag","embeddable":true,"href":"https:\/\/motokary-karting.sk\/pl\/wp-json\/wp\/v2\/product_tag?post=16058"}],"curies":[{"name":"wp","href":"https:\/\/api.w.org\/{rel}","templated":true}]}}