{"id":16202,"date":"2022-06-25T07:25:36","date_gmt":"2022-06-25T07:25:36","guid":{"rendered":"https:\/\/motokary-karting.sk\/?post_type=product&#038;p=16202"},"modified":"2024-11-11T08:52:39","modified_gmt":"2024-11-11T08:52:39","slug":"sparco-t-shirt-frame-2","status":"publish","type":"product","link":"https:\/\/motokary-karting.sk\/pl\/produkt\/sparco-tricko-frame-2\/","title":{"rendered":"Bia\u0142a ramka na koszulk\u0119 Sparco"},"content":{"rendered":"<p>95% bawe\u0142na, 5% elastan<\/p>\n<div><\/div>\n<div>Kolor: bia\u0142y<\/div>","protected":false},"excerpt":{"rendered":"<p>Materia\u0142: bawe\u0142na 95%, elastan 5% Kolor: bia\u0142y<\/p>","protected":false},"featured_media":16196,"template":"","meta":[],"product_brand":[],"product_cat":[32,655],"product_tag":[1728,142,1344,81,945,26,1755,993,3128,261,3127,466],"class_list":{"0":"post-16202","1":"product","2":"type-product","3":"status-publish","4":"has-post-thumbnail","6":"product_cat-lifestyle-oblecenie-a-produkty-na-volny-cas","7":"product_cat-tricka","8":"product_tag-kart-shop","9":"product_tag-karting","10":"product_tag-karting-shop","11":"product_tag-motokary","12":"product_tag-predajna-sparco","13":"product_tag-sparco","14":"product_tag-sparco-shop","15":"product_tag-sparco-tricko","16":"product_tag-sparco-tricko-frame","17":"product_tag-tricko","18":"product_tag-tricko-frame","19":"product_tag-tricko-sparco","21":"first","22":"onbackorder","23":"taxable","24":"shipping-taxable","25":"purchasable","26":"product-type-variable","27":"customify-col","28":"product-has-gallery"},"aioseo_notices":[],"_links":{"self":[{"href":"https:\/\/motokary-karting.sk\/pl\/wp-json\/wp\/v2\/product\/16202","targetHints":{"allow":["GET"]}}],"collection":[{"href":"https:\/\/motokary-karting.sk\/pl\/wp-json\/wp\/v2\/product"}],"about":[{"href":"https:\/\/motokary-karting.sk\/pl\/wp-json\/wp\/v2\/types\/product"}],"wp:featuredmedia":[{"embeddable":true,"href":"https:\/\/motokary-karting.sk\/pl\/wp-json\/wp\/v2\/media\/16196"}],"wp:attachment":[{"href":"https:\/\/motokary-karting.sk\/pl\/wp-json\/wp\/v2\/media?parent=16202"}],"wp:term":[{"taxonomy":"product_brand","embeddable":true,"href":"https:\/\/motokary-karting.sk\/pl\/wp-json\/wp\/v2\/product_brand?post=16202"},{"taxonomy":"product_cat","embeddable":true,"href":"https:\/\/motokary-karting.sk\/pl\/wp-json\/wp\/v2\/product_cat?post=16202"},{"taxonomy":"product_tag","embeddable":true,"href":"https:\/\/motokary-karting.sk\/pl\/wp-json\/wp\/v2\/product_tag?post=16202"}],"curies":[{"name":"wp","href":"https:\/\/api.w.org\/{rel}","templated":true}]}}