{"id":16401,"date":"2022-06-25T14:36:35","date_gmt":"2022-06-25T14:36:35","guid":{"rendered":"https:\/\/motokary-karting.sk\/?post_type=product&#038;p=16401"},"modified":"2025-03-11T17:11:05","modified_gmt":"2025-03-11T17:11:05","slug":"torba-sportowa-sparco","status":"publish","type":"product","link":"https:\/\/motokary-karting.sk\/pl\/produkt\/sparco-sportova-taska\/","title":{"rendered":"Torba sportowa Sparco"},"content":{"rendered":"<p><span>Stylowy sport\u00a0<\/span><b><span>torba<\/span><\/b><span> ze sznurkiem \u015bci\u0105gaj\u0105cym od\u00a0<\/span><b><span>Sparco<\/span><\/b><span>.<\/span><\/p>\n<p><span>Wymiary (wys. x szer. x g\u0142.): 33 x 51 cm<\/span><br \/>\n<span>Materia\u0142: poliamid 100%<\/span><\/p>","protected":false},"excerpt":{"rendered":"<p>Stylowa torba sportowa ze sznurkiem firmy Sparco. Wymiary (wys. x szer. x g\u0142.): 33 x 51 cm Materia\u0142.<\/p>","protected":false},"featured_media":16402,"template":"","meta":[],"product_brand":[],"product_cat":[32,734],"product_tag":[3143,1429,142,1344,81,730,26,1432,735,3150,3151],"class_list":{"0":"post-16401","1":"product","2":"type-product","3":"status-publish","4":"has-post-thumbnail","6":"product_cat-lifestyle-oblecenie-a-produkty-na-volny-cas","7":"product_cat-ruksaky-tasky-na-prilby","8":"product_tag-batoh","9":"product_tag-batoh-sparco","10":"product_tag-karting","11":"product_tag-karting-shop","12":"product_tag-motokary","13":"product_tag-ruksak","14":"product_tag-sparco","15":"product_tag-sparco-batoh","16":"product_tag-sparco-sportova-taska","17":"product_tag-sportova-taska","18":"product_tag-sportova-taska-sparco","20":"first","21":"onbackorder","22":"taxable","23":"shipping-taxable","24":"purchasable","25":"product-type-variable","26":"customify-col","27":"product-has-gallery"},"aioseo_notices":[],"_links":{"self":[{"href":"https:\/\/motokary-karting.sk\/pl\/wp-json\/wp\/v2\/product\/16401","targetHints":{"allow":["GET"]}}],"collection":[{"href":"https:\/\/motokary-karting.sk\/pl\/wp-json\/wp\/v2\/product"}],"about":[{"href":"https:\/\/motokary-karting.sk\/pl\/wp-json\/wp\/v2\/types\/product"}],"wp:featuredmedia":[{"embeddable":true,"href":"https:\/\/motokary-karting.sk\/pl\/wp-json\/wp\/v2\/media\/16402"}],"wp:attachment":[{"href":"https:\/\/motokary-karting.sk\/pl\/wp-json\/wp\/v2\/media?parent=16401"}],"wp:term":[{"taxonomy":"product_brand","embeddable":true,"href":"https:\/\/motokary-karting.sk\/pl\/wp-json\/wp\/v2\/product_brand?post=16401"},{"taxonomy":"product_cat","embeddable":true,"href":"https:\/\/motokary-karting.sk\/pl\/wp-json\/wp\/v2\/product_cat?post=16401"},{"taxonomy":"product_tag","embeddable":true,"href":"https:\/\/motokary-karting.sk\/pl\/wp-json\/wp\/v2\/product_tag?post=16401"}],"curies":[{"name":"wp","href":"https:\/\/api.w.org\/{rel}","templated":true}]}}