{"id":16413,"date":"2022-06-25T15:05:08","date_gmt":"2022-06-25T15:05:08","guid":{"rendered":"https:\/\/motokary-karting.sk\/?post_type=product&#038;p=16413"},"modified":"2022-06-25T15:10:23","modified_gmt":"2022-06-25T15:10:23","slug":"omp-pouch-co-driver","status":"publish","type":"product","link":"https:\/\/motokary-karting.sk\/pl\/produkt\/omp-taska-co-driver\/","title":{"rendered":"Torba OMP Co-Driver"},"content":{"rendered":"<p><span>Lekki\u00a0\u00a0<\/span><strong><span>Torba na rami\u0119 OMP Co-Driver<\/span><\/strong><span>\u00a0\u00a0z przejrzyst\u0105 komor\u0105 g\u0142\u00f3wn\u0105 i wieloma oddzielnymi przegrodami zewn\u0119trznymi. Idealna do przechowywania i przenoszenia r\u00f3\u017cnych dokument\u00f3w. Z ty\u0142u znajduj\u0105 si\u0119 2 regulowane paski na rami\u0119, dzi\u0119ki czemu torb\u0119 mo\u017cna nosi\u0107 r\u00f3wnie\u017c jako plecak.<\/span><\/p>\n<p><span>Wymiary (wys. x szer. x g\u0142.): 40 x 34 x 20 cm<\/span><\/p>\n<p><span>100% poliester<\/span><strong><br \/>\n<\/strong><\/p>\n<p><strong><span>Kolor: Czarny<\/span><\/strong><\/p>","protected":false},"excerpt":{"rendered":"<p>Lekka torba na rami\u0119 OMP Co-Driver z uporz\u0105dkowan\u0105 komor\u0105 g\u0142\u00f3wn\u0105 i wieloma oddzielnymi przegrodami zewn\u0119trznymi. Idealna do przechowywania i przenoszenia r\u00f3\u017cnych dokument\u00f3w. Z ty\u0142u znajduj\u0105 si\u0119 2 regulowane paski na rami\u0119....<\/p>","protected":false},"featured_media":16417,"template":"","meta":[],"product_brand":[],"product_cat":[32,734],"product_tag":[3143,142,1344,81,25,3154,3152,730,3150,3153],"class_list":{"0":"post-16413","1":"product","2":"type-product","3":"status-publish","4":"has-post-thumbnail","6":"product_cat-lifestyle-oblecenie-a-produkty-na-volny-cas","7":"product_cat-ruksaky-tasky-na-prilby","8":"product_tag-batoh","9":"product_tag-karting","10":"product_tag-karting-shop","11":"product_tag-motokary","12":"product_tag-omp","13":"product_tag-omp-codriver","14":"product_tag-omp-taska","15":"product_tag-ruksak","16":"product_tag-sportova-taska","17":"product_tag-taska-omp","19":"first","20":"onbackorder","21":"taxable","22":"shipping-taxable","23":"purchasable","24":"product-type-simple","25":"customify-col","26":"product-has-gallery"},"aioseo_notices":[],"_links":{"self":[{"href":"https:\/\/motokary-karting.sk\/pl\/wp-json\/wp\/v2\/product\/16413","targetHints":{"allow":["GET"]}}],"collection":[{"href":"https:\/\/motokary-karting.sk\/pl\/wp-json\/wp\/v2\/product"}],"about":[{"href":"https:\/\/motokary-karting.sk\/pl\/wp-json\/wp\/v2\/types\/product"}],"wp:featuredmedia":[{"embeddable":true,"href":"https:\/\/motokary-karting.sk\/pl\/wp-json\/wp\/v2\/media\/16417"}],"wp:attachment":[{"href":"https:\/\/motokary-karting.sk\/pl\/wp-json\/wp\/v2\/media?parent=16413"}],"wp:term":[{"taxonomy":"product_brand","embeddable":true,"href":"https:\/\/motokary-karting.sk\/pl\/wp-json\/wp\/v2\/product_brand?post=16413"},{"taxonomy":"product_cat","embeddable":true,"href":"https:\/\/motokary-karting.sk\/pl\/wp-json\/wp\/v2\/product_cat?post=16413"},{"taxonomy":"product_tag","embeddable":true,"href":"https:\/\/motokary-karting.sk\/pl\/wp-json\/wp\/v2\/product_tag?post=16413"}],"curies":[{"name":"wp","href":"https:\/\/api.w.org\/{rel}","templated":true}]}}