{"id":16438,"date":"2022-06-26T07:11:47","date_gmt":"2022-06-26T07:11:47","guid":{"rendered":"https:\/\/motokary-karting.sk\/?post_type=product&#038;p=16438"},"modified":"2023-08-14T18:28:33","modified_gmt":"2023-08-14T18:28:33","slug":"torba-podrozna-alpinestars-komodo","status":"publish","type":"product","link":"https:\/\/motokary-karting.sk\/pl\/produkt\/alpinestars-cestovna-taska-komodo\/","title":{"rendered":"Torba podr\u00f3\u017cna Alpinestars Komodo"},"content":{"rendered":"<p><span><span class=\"\">Przestronny\u00a0<\/span><span class=\"\">torba podr\u00f3\u017cna <strong>Alpy<\/strong><\/span><\/span><strong><span><span class=\"\">gwiazdki\u00a0<\/span><\/span><\/strong><strong><span><span class=\"\">Komodo<\/span><\/span><\/strong><span><span class=\"\">\u00a0z r\u00f3\u017cnymi zapinanymi na zamek przegr\u00f3dkami do schludnego przechowywania ca\u0142ego sprz\u0119tu.\u00a0<\/span>Oddzielna, wyjmowana komora do czyszczenia na mokro. Zintegrowane otwory wentylacyjne i solidne wzmocnienia naro\u017cnik\u00f3w. Stabilna, wodoodporna podstawa chroni torb\u0119 przed brudem i wilgoci\u0105 od spodu. Dwie du\u017ce p\u0119tle do przenoszenia i dodatkowe uchwyty po bokach do podnoszenia i przenoszenia.\u00a0<\/span><span>Przenoszenie. Wysuwany uchwyt teleskopowy i zintegrowany<\/span><span>\u00a0ko\u0142a robi\u0105\u00a0<\/span><strong><span>COMODO<\/span><\/strong><span>\u00a0zwrotno\u015b\u0107 i elastyczno\u015b\u0107.<\/span><\/p>\n<p><span>Wymiary: ok. 94 x 45 x 40 cm<\/span><br \/>\n<span>Pojemno\u015b\u0107: oko\u0142o 150 litr\u00f3w<\/span><\/p>","protected":false},"excerpt":{"rendered":"<p>Przestronna torba podr\u00f3\u017cna Alpinestars Komodo z r\u00f3\u017cnymi przegrodami zapinanymi na zamek u\u0142atwiaj\u0105cymi przechowywanie ca\u0142ego sprz\u0119tu. Oddzielna, wyjmowana komora do czyszczenia na mokro. Zintegrowane otwory wentylacyjne i solidne wzmocnienia na rogach. Stabilna,...<\/p>","protected":false},"featured_media":16439,"template":"","meta":[],"product_brand":[],"product_cat":[2917,32],"product_tag":[79,1873,3164,1866,1874,1728,142,1344,81,3159],"class_list":{"0":"post-16438","1":"product","2":"type-product","3":"status-publish","4":"has-post-thumbnail","6":"product_cat-batozina","7":"product_cat-lifestyle-oblecenie-a-produkty-na-volny-cas","8":"product_tag-alpinestars","9":"product_tag-alpinestars-cestovna-taska","10":"product_tag-alpinestars-komodo","11":"product_tag-cestovna-taska","12":"product_tag-cestovna-taska-alpinestars","13":"product_tag-kart-shop","14":"product_tag-karting","15":"product_tag-karting-shop","16":"product_tag-motokary","17":"product_tag-taska-na-kolieskach","19":"first","20":"onbackorder","21":"taxable","22":"shipping-taxable","23":"purchasable","24":"product-type-variable","25":"customify-col","26":"product-has-gallery"},"aioseo_notices":[],"_links":{"self":[{"href":"https:\/\/motokary-karting.sk\/pl\/wp-json\/wp\/v2\/product\/16438","targetHints":{"allow":["GET"]}}],"collection":[{"href":"https:\/\/motokary-karting.sk\/pl\/wp-json\/wp\/v2\/product"}],"about":[{"href":"https:\/\/motokary-karting.sk\/pl\/wp-json\/wp\/v2\/types\/product"}],"wp:featuredmedia":[{"embeddable":true,"href":"https:\/\/motokary-karting.sk\/pl\/wp-json\/wp\/v2\/media\/16439"}],"wp:attachment":[{"href":"https:\/\/motokary-karting.sk\/pl\/wp-json\/wp\/v2\/media?parent=16438"}],"wp:term":[{"taxonomy":"product_brand","embeddable":true,"href":"https:\/\/motokary-karting.sk\/pl\/wp-json\/wp\/v2\/product_brand?post=16438"},{"taxonomy":"product_cat","embeddable":true,"href":"https:\/\/motokary-karting.sk\/pl\/wp-json\/wp\/v2\/product_cat?post=16438"},{"taxonomy":"product_tag","embeddable":true,"href":"https:\/\/motokary-karting.sk\/pl\/wp-json\/wp\/v2\/product_tag?post=16438"}],"curies":[{"name":"wp","href":"https:\/\/api.w.org\/{rel}","templated":true}]}}