{"id":16517,"date":"2022-07-11T10:22:33","date_gmt":"2022-07-11T10:22:33","guid":{"rendered":"https:\/\/motokary-karting.sk\/?post_type=product&#038;p=16517"},"modified":"2026-04-07T08:45:18","modified_gmt":"2026-04-07T08:45:18","slug":"przedluzki-pedalow-dla-dzieci-alu-zestaw-2szt","status":"publish","type":"product","link":"https:\/\/motokary-karting.sk\/pl\/produkt\/predlzenie-pedalov-pre-deti-alu-sada-2ks\/","title":{"rendered":"Przed\u0142u\u017cenie peda\u0142u +3,5 cm dla dzieci ALU | ZESTAW 2 szt."},"content":{"rendered":"","protected":false},"excerpt":{"rendered":"","protected":false},"featured_media":23745,"template":"","meta":[],"product_brand":[],"product_cat":[271,276],"product_tag":[142,1344,81,3195,1336,3194,3193],"class_list":{"0":"post-16517","1":"product","2":"type-product","3":"status-publish","4":"has-post-thumbnail","6":"product_cat-nahradne-diely-na-podvozky","7":"product_cat-ostatne","8":"product_tag-karting","9":"product_tag-karting-shop","10":"product_tag-motokary","11":"product_tag-nadstavec-na-pedale","12":"product_tag-nahradne-diely-na-motokary","13":"product_tag-predlzenie-na-pedale","14":"product_tag-predlzenie-pedalov","16":"first","17":"instock","18":"taxable","19":"shipping-taxable","20":"purchasable","21":"product-type-simple","22":"customify-col"},"aioseo_notices":[],"_links":{"self":[{"href":"https:\/\/motokary-karting.sk\/pl\/wp-json\/wp\/v2\/product\/16517","targetHints":{"allow":["GET"]}}],"collection":[{"href":"https:\/\/motokary-karting.sk\/pl\/wp-json\/wp\/v2\/product"}],"about":[{"href":"https:\/\/motokary-karting.sk\/pl\/wp-json\/wp\/v2\/types\/product"}],"wp:featuredmedia":[{"embeddable":true,"href":"https:\/\/motokary-karting.sk\/pl\/wp-json\/wp\/v2\/media\/23745"}],"wp:attachment":[{"href":"https:\/\/motokary-karting.sk\/pl\/wp-json\/wp\/v2\/media?parent=16517"}],"wp:term":[{"taxonomy":"product_brand","embeddable":true,"href":"https:\/\/motokary-karting.sk\/pl\/wp-json\/wp\/v2\/product_brand?post=16517"},{"taxonomy":"product_cat","embeddable":true,"href":"https:\/\/motokary-karting.sk\/pl\/wp-json\/wp\/v2\/product_cat?post=16517"},{"taxonomy":"product_tag","embeddable":true,"href":"https:\/\/motokary-karting.sk\/pl\/wp-json\/wp\/v2\/product_tag?post=16517"}],"curies":[{"name":"wp","href":"https:\/\/api.w.org\/{rel}","templated":true}]}}