{"id":16967,"date":"2022-09-27T06:53:31","date_gmt":"2022-09-27T06:53:31","guid":{"rendered":"https:\/\/motokary-karting.sk\/?post_type=product&#038;p=16967"},"modified":"2024-08-05T09:15:56","modified_gmt":"2024-08-05T09:15:56","slug":"piasta-tylnego-kola-aluminiowa-czarna-25mm-dlugosc-65mm","status":"publish","type":"product","link":"https:\/\/motokary-karting.sk\/pl\/produkt\/zadny-naboj-kolesa-hlinikovy-cierny-25mm-dlzka-65mm\/","title":{"rendered":"Piasta tylnego ko\u0142a aluminiowa czarna 25 mm d\u0142ugo\u015b\u0107 65 mm"},"content":{"rendered":"","protected":false},"excerpt":{"rendered":"","protected":false},"featured_media":16968,"template":"","meta":[],"product_brand":[],"product_cat":[399,271,649],"product_tag":[142,1344,81,297,3222,408,3221],"class_list":{"0":"post-16967","1":"product","2":"type-product","3":"status-publish","4":"has-post-thumbnail","6":"product_cat-naboje-a-unasace","7":"product_cat-nahradne-diely-na-podvozky","8":"product_cat-o-25mm","9":"product_tag-karting","10":"product_tag-karting-shop","11":"product_tag-motokary","12":"product_tag-naboj","13":"product_tag-naboj-25mm","14":"product_tag-naboj-kolesa","15":"product_tag-naboj-kolesa-25mm","17":"first","18":"onbackorder","19":"taxable","20":"shipping-taxable","21":"purchasable","22":"product-type-simple","23":"customify-col"},"aioseo_notices":[],"_links":{"self":[{"href":"https:\/\/motokary-karting.sk\/pl\/wp-json\/wp\/v2\/product\/16967","targetHints":{"allow":["GET"]}}],"collection":[{"href":"https:\/\/motokary-karting.sk\/pl\/wp-json\/wp\/v2\/product"}],"about":[{"href":"https:\/\/motokary-karting.sk\/pl\/wp-json\/wp\/v2\/types\/product"}],"wp:featuredmedia":[{"embeddable":true,"href":"https:\/\/motokary-karting.sk\/pl\/wp-json\/wp\/v2\/media\/16968"}],"wp:attachment":[{"href":"https:\/\/motokary-karting.sk\/pl\/wp-json\/wp\/v2\/media?parent=16967"}],"wp:term":[{"taxonomy":"product_brand","embeddable":true,"href":"https:\/\/motokary-karting.sk\/pl\/wp-json\/wp\/v2\/product_brand?post=16967"},{"taxonomy":"product_cat","embeddable":true,"href":"https:\/\/motokary-karting.sk\/pl\/wp-json\/wp\/v2\/product_cat?post=16967"},{"taxonomy":"product_tag","embeddable":true,"href":"https:\/\/motokary-karting.sk\/pl\/wp-json\/wp\/v2\/product_tag?post=16967"}],"curies":[{"name":"wp","href":"https:\/\/api.w.org\/{rel}","templated":true}]}}