{"id":16993,"date":"2022-10-06T17:25:42","date_gmt":"2022-10-06T17:25:42","guid":{"rendered":"https:\/\/motokary-karting.sk\/?post_type=product&#038;p=16993"},"modified":"2025-03-18T19:15:15","modified_gmt":"2025-03-18T19:15:15","slug":"przednia-zebatka-iame-m1","status":"publish","type":"product","link":"https:\/\/motokary-karting.sk\/pl\/produkt\/predne-ozubene-kolecko-iame-m1\/","title":{"rendered":"Przednie ko\u0142o z\u0119bate IAME M1 z b\u0119bnem"},"content":{"rendered":"","protected":false},"excerpt":{"rendered":"","protected":false},"featured_media":16996,"template":"","meta":[],"product_brand":[],"product_cat":[1324,3224,645],"product_tag":[3227,3226,3229,142,3225,3228,81,2659],"class_list":{"0":"post-16993","1":"product","2":"type-product","3":"status-publish","4":"has-post-thumbnail","6":"product_cat-iame","7":"product_cat-iame-m1","8":"product_cat-nahradne-diely-na-motory","9":"product_tag-diely-iame","10":"product_tag-eshop-karting","11":"product_tag-iame-m1-kolecko","12":"product_tag-karting","13":"product_tag-karting-eshop","14":"product_tag-kolecko-iame-m1","15":"product_tag-motokary","16":"product_tag-motokary-pezinok","18":"first","19":"onbackorder","20":"taxable","21":"shipping-taxable","22":"purchasable","23":"product-type-variable","24":"customify-col"},"aioseo_notices":[],"_links":{"self":[{"href":"https:\/\/motokary-karting.sk\/pl\/wp-json\/wp\/v2\/product\/16993","targetHints":{"allow":["GET"]}}],"collection":[{"href":"https:\/\/motokary-karting.sk\/pl\/wp-json\/wp\/v2\/product"}],"about":[{"href":"https:\/\/motokary-karting.sk\/pl\/wp-json\/wp\/v2\/types\/product"}],"wp:featuredmedia":[{"embeddable":true,"href":"https:\/\/motokary-karting.sk\/pl\/wp-json\/wp\/v2\/media\/16996"}],"wp:attachment":[{"href":"https:\/\/motokary-karting.sk\/pl\/wp-json\/wp\/v2\/media?parent=16993"}],"wp:term":[{"taxonomy":"product_brand","embeddable":true,"href":"https:\/\/motokary-karting.sk\/pl\/wp-json\/wp\/v2\/product_brand?post=16993"},{"taxonomy":"product_cat","embeddable":true,"href":"https:\/\/motokary-karting.sk\/pl\/wp-json\/wp\/v2\/product_cat?post=16993"},{"taxonomy":"product_tag","embeddable":true,"href":"https:\/\/motokary-karting.sk\/pl\/wp-json\/wp\/v2\/product_tag?post=16993"}],"curies":[{"name":"wp","href":"https:\/\/api.w.org\/{rel}","templated":true}]}}