{"id":17470,"date":"2024-12-14T11:05:18","date_gmt":"2024-12-14T11:05:18","guid":{"rendered":"https:\/\/motokary-karting.sk\/?post_type=product&#038;p=17470"},"modified":"2024-12-14T11:48:46","modified_gmt":"2024-12-14T11:48:46","slug":"kamizelka-sparco-tech-light","status":"publish","type":"product","link":"https:\/\/motokary-karting.sk\/pl\/produkt\/sparco-vesta-tech-light\/","title":{"rendered":"Sparco Vesta Tech Light"},"content":{"rendered":"<p>Kamizelka softshellowa Sparco Teamwork ze st\u00f3jk\u0105 i r\u00f3\u017cnymi kieszeniami zapinanymi na zamek. Super rozci\u0105gliwy materia\u0142 w talii dla wi\u0119kszej swobody ruch\u00f3w. Odblaskowe elementy na ramionach i plecach dla wi\u0119kszego bezpiecze\u0144stwa.<\/p>\n<p>Materia\u0142: nylon 90%, spandex 10%<\/p>","protected":false},"excerpt":{"rendered":"<p>Kamizelka softshellowa Sparco Teamwork ze st\u00f3jk\u0105 i r\u00f3\u017cnymi kieszeniami zapinanymi na zamek. Super rozci\u0105gliwy materia\u0142 w talii dla wi\u0119kszej swobody ruch\u00f3w. Odblaskowe elementy na ramionach...<\/p>","protected":false},"featured_media":27161,"template":"","meta":[],"product_brand":[],"product_cat":[32,1458,1045],"product_tag":[1728,142,1344,1421,81,1049,2000,26,2001,1048,258,1999,1050,1046,1047],"class_list":{"0":"post-17470","1":"product","2":"type-product","3":"status-publish","4":"has-post-thumbnail","6":"product_cat-lifestyle-oblecenie-a-produkty-na-volny-cas","7":"product_cat-martini-racing","8":"product_cat-vesty","9":"product_tag-kart-shop","10":"product_tag-karting","11":"product_tag-karting-shop","12":"product_tag-martini-racing","13":"product_tag-motokary","14":"product_tag-panska-vesta","15":"product_tag-panska-vesta-martini","16":"product_tag-sparco","17":"product_tag-sparco-martini","18":"product_tag-sparco-vesta","19":"product_tag-vesta","20":"product_tag-vesta-martini-racing","21":"product_tag-vesta-pre-muzov","22":"product_tag-vesta-sparco","23":"product_tag-vesta-sparco-frame","25":"first","26":"onbackorder","27":"taxable","28":"shipping-taxable","29":"purchasable","30":"product-type-variable","31":"customify-col","32":"product-has-gallery"},"aioseo_notices":[],"_links":{"self":[{"href":"https:\/\/motokary-karting.sk\/pl\/wp-json\/wp\/v2\/product\/17470","targetHints":{"allow":["GET"]}}],"collection":[{"href":"https:\/\/motokary-karting.sk\/pl\/wp-json\/wp\/v2\/product"}],"about":[{"href":"https:\/\/motokary-karting.sk\/pl\/wp-json\/wp\/v2\/types\/product"}],"wp:featuredmedia":[{"embeddable":true,"href":"https:\/\/motokary-karting.sk\/pl\/wp-json\/wp\/v2\/media\/27161"}],"wp:attachment":[{"href":"https:\/\/motokary-karting.sk\/pl\/wp-json\/wp\/v2\/media?parent=17470"}],"wp:term":[{"taxonomy":"product_brand","embeddable":true,"href":"https:\/\/motokary-karting.sk\/pl\/wp-json\/wp\/v2\/product_brand?post=17470"},{"taxonomy":"product_cat","embeddable":true,"href":"https:\/\/motokary-karting.sk\/pl\/wp-json\/wp\/v2\/product_cat?post=17470"},{"taxonomy":"product_tag","embeddable":true,"href":"https:\/\/motokary-karting.sk\/pl\/wp-json\/wp\/v2\/product_tag?post=17470"}],"curies":[{"name":"wp","href":"https:\/\/api.w.org\/{rel}","templated":true}]}}