{"id":1749,"date":"2020-07-22T13:43:24","date_gmt":"2020-07-22T13:43:24","guid":{"rendered":"https:\/\/motokary-karting.sk\/?post_type=product&#038;p=1749"},"modified":"2025-02-24T15:40:54","modified_gmt":"2025-02-24T15:40:54","slug":"os-tylna-30-mm","status":"publish","type":"product","link":"https:\/\/motokary-karting.sk\/pl\/produkt\/zadna-os-30mm\/","title":{"rendered":"Tylna o\u015b 30 mm - r\u00f3\u017cne d\u0142ugo\u015bci"},"content":{"rendered":"","protected":false},"excerpt":{"rendered":"","protected":false},"featured_media":28035,"template":"","meta":[],"product_brand":[],"product_cat":[271,668,368],"product_tag":[1728,1344,81,1946,306,1948,307,1947],"class_list":{"0":"post-1749","1":"product","2":"type-product","3":"status-publish","4":"has-post-thumbnail","6":"product_cat-nahradne-diely-na-podvozky","7":"product_cat-o-30mm-zadne-osi-prislusenstvo","8":"product_cat-zadne-osi-prislusenstvo","9":"product_tag-kart-shop","10":"product_tag-karting-shop","11":"product_tag-motokary","12":"product_tag-zadna-naprava-na-motokaru","13":"product_tag-zadna-os","14":"product_tag-zadna-os-30mm","15":"product_tag-zadna-oska","16":"product_tag-zadna-oska-30mm","18":"first","19":"onbackorder","20":"taxable","21":"shipping-taxable","22":"purchasable","23":"product-type-variable","24":"customify-col"},"aioseo_notices":[],"_links":{"self":[{"href":"https:\/\/motokary-karting.sk\/pl\/wp-json\/wp\/v2\/product\/1749","targetHints":{"allow":["GET"]}}],"collection":[{"href":"https:\/\/motokary-karting.sk\/pl\/wp-json\/wp\/v2\/product"}],"about":[{"href":"https:\/\/motokary-karting.sk\/pl\/wp-json\/wp\/v2\/types\/product"}],"wp:featuredmedia":[{"embeddable":true,"href":"https:\/\/motokary-karting.sk\/pl\/wp-json\/wp\/v2\/media\/28035"}],"wp:attachment":[{"href":"https:\/\/motokary-karting.sk\/pl\/wp-json\/wp\/v2\/media?parent=1749"}],"wp:term":[{"taxonomy":"product_brand","embeddable":true,"href":"https:\/\/motokary-karting.sk\/pl\/wp-json\/wp\/v2\/product_brand?post=1749"},{"taxonomy":"product_cat","embeddable":true,"href":"https:\/\/motokary-karting.sk\/pl\/wp-json\/wp\/v2\/product_cat?post=1749"},{"taxonomy":"product_tag","embeddable":true,"href":"https:\/\/motokary-karting.sk\/pl\/wp-json\/wp\/v2\/product_tag?post=1749"}],"curies":[{"name":"wp","href":"https:\/\/api.w.org\/{rel}","templated":true}]}}