{"id":1769,"date":"2020-07-22T20:34:58","date_gmt":"2020-07-22T20:34:58","guid":{"rendered":"https:\/\/motokary-karting.sk\/?post_type=product&#038;p=1769"},"modified":"2026-04-30T07:48:40","modified_gmt":"2026-04-30T07:48:40","slug":"zbiornik-paliwa-9l-plastikowy","status":"publish","type":"product","link":"https:\/\/motokary-karting.sk\/pl\/produkt\/palivova-nadrz-9l-plastova\/","title":{"rendered":"Zbiornik paliwa 9L z tworzywa sztucznego"},"content":{"rendered":"<p>Zestaw NIE zawiera uchwytu monta\u017cowego, wtyczki ani akcesori\u00f3w wewn\u0119trznych.<\/p>","protected":false},"excerpt":{"rendered":"<p>Zestaw NIE zawiera uchwytu monta\u017cowego, wtyczki ani akcesori\u00f3w wewn\u0119trznych.<\/p>","protected":false},"featured_media":32604,"template":"","meta":[],"product_brand":[],"product_cat":[380,271],"product_tag":[2307,382,142,1344,2309,81,328,2308,381],"class_list":{"0":"post-1769","1":"product","2":"type-product","3":"status-publish","4":"has-post-thumbnail","6":"product_cat-nadrze-prislusenstvo","7":"product_cat-nahradne-diely-na-podvozky","8":"product_tag-9l-nadrz","9":"product_tag-benzinova-nadrz","10":"product_tag-karting","11":"product_tag-karting-shop","12":"product_tag-motokarova-nadrz","13":"product_tag-motokary","14":"product_tag-nadrz","15":"product_tag-nadrz-motokara","16":"product_tag-palivova-nadrz","18":"first","19":"instock","20":"taxable","21":"shipping-taxable","22":"purchasable","23":"product-type-simple","24":"customify-col"},"aioseo_notices":[],"_links":{"self":[{"href":"https:\/\/motokary-karting.sk\/pl\/wp-json\/wp\/v2\/product\/1769","targetHints":{"allow":["GET"]}}],"collection":[{"href":"https:\/\/motokary-karting.sk\/pl\/wp-json\/wp\/v2\/product"}],"about":[{"href":"https:\/\/motokary-karting.sk\/pl\/wp-json\/wp\/v2\/types\/product"}],"wp:featuredmedia":[{"embeddable":true,"href":"https:\/\/motokary-karting.sk\/pl\/wp-json\/wp\/v2\/media\/32604"}],"wp:attachment":[{"href":"https:\/\/motokary-karting.sk\/pl\/wp-json\/wp\/v2\/media?parent=1769"}],"wp:term":[{"taxonomy":"product_brand","embeddable":true,"href":"https:\/\/motokary-karting.sk\/pl\/wp-json\/wp\/v2\/product_brand?post=1769"},{"taxonomy":"product_cat","embeddable":true,"href":"https:\/\/motokary-karting.sk\/pl\/wp-json\/wp\/v2\/product_cat?post=1769"},{"taxonomy":"product_tag","embeddable":true,"href":"https:\/\/motokary-karting.sk\/pl\/wp-json\/wp\/v2\/product_tag?post=1769"}],"curies":[{"name":"wp","href":"https:\/\/api.w.org\/{rel}","templated":true}]}}