{"id":1775,"date":"2022-01-22T20:47:57","date_gmt":"2022-01-22T20:47:57","guid":{"rendered":"https:\/\/motokary-karting.sk\/?post_type=product&#038;p=1775"},"modified":"2025-05-05T13:47:58","modified_gmt":"2025-05-05T13:47:58","slug":"ogranicznik-piety-regulowany-aluminiowy-czarny","status":"publish","type":"product","link":"https:\/\/motokary-karting.sk\/pl\/produkt\/doraz-pre-nohy-paty-nastavitelny-hlinikovy-cierny\/","title":{"rendered":"Podn\u00f3\u017cek (pi\u0119ta) regulowany, aluminiowy, czarny"},"content":{"rendered":"","protected":false},"excerpt":{"rendered":"","protected":false},"featured_media":1776,"template":"","meta":[],"product_brand":[],"product_cat":[271,276],"product_tag":[385,387,142,81,386],"class_list":{"0":"post-1775","1":"product","2":"type-product","3":"status-publish","4":"has-post-thumbnail","6":"product_cat-nahradne-diely-na-podvozky","7":"product_cat-ostatne","8":"product_tag-doraz-pre-paty","9":"product_tag-feet-support","10":"product_tag-karting","11":"product_tag-motokary","12":"product_tag-paty","14":"first","15":"onbackorder","16":"taxable","17":"shipping-taxable","18":"purchasable","19":"product-type-simple","20":"customify-col"},"aioseo_notices":[],"_links":{"self":[{"href":"https:\/\/motokary-karting.sk\/pl\/wp-json\/wp\/v2\/product\/1775","targetHints":{"allow":["GET"]}}],"collection":[{"href":"https:\/\/motokary-karting.sk\/pl\/wp-json\/wp\/v2\/product"}],"about":[{"href":"https:\/\/motokary-karting.sk\/pl\/wp-json\/wp\/v2\/types\/product"}],"wp:featuredmedia":[{"embeddable":true,"href":"https:\/\/motokary-karting.sk\/pl\/wp-json\/wp\/v2\/media\/1776"}],"wp:attachment":[{"href":"https:\/\/motokary-karting.sk\/pl\/wp-json\/wp\/v2\/media?parent=1775"}],"wp:term":[{"taxonomy":"product_brand","embeddable":true,"href":"https:\/\/motokary-karting.sk\/pl\/wp-json\/wp\/v2\/product_brand?post=1775"},{"taxonomy":"product_cat","embeddable":true,"href":"https:\/\/motokary-karting.sk\/pl\/wp-json\/wp\/v2\/product_cat?post=1775"},{"taxonomy":"product_tag","embeddable":true,"href":"https:\/\/motokary-karting.sk\/pl\/wp-json\/wp\/v2\/product_tag?post=1775"}],"curies":[{"name":"wp","href":"https:\/\/api.w.org\/{rel}","templated":true}]}}