{"id":18360,"date":"2023-12-21T15:00:56","date_gmt":"2023-12-21T15:00:56","guid":{"rendered":"https:\/\/motokary-karting.sk\/?post_type=product&#038;p=18360"},"modified":"2026-01-28T18:34:28","modified_gmt":"2026-01-28T18:34:28","slug":"buty-alpinestars-tech-1kz-v2","status":"publish","type":"product","link":"https:\/\/motokary-karting.sk\/pl\/produkt\/alpinestars-topanky-tech-1kz-v2\/","title":{"rendered":"Buty Alpinestars Tech 1KZ v2"},"content":{"rendered":"<p>Najwy\u017cszej klasy buty kartingowe Alpinestars wyznaczaj\u0105 standardy: bezszwowa obr\u00f3bka ultracienkiego i super lekkiego materia\u0142u zgodnie ze specyfikacjami anatomicznymi oznacza, \u017ce buty kartingowe TECH 1KZ v2 s\u0105 prawie niewyczuwalne i \u0142\u0105cz\u0105 maksymalny komfort z optymalnym wyczuciem peda\u0142u. Podw\u00f3jne zapi\u0119cie na rzep na wampirze i g\u00f3rnym ko\u0142nierzu zapewnia idealne i bezpieczne dopasowanie. Ultracienka podeszwa F1 zapewnia niezr\u00f3wnane wyczucie peda\u0142u.<\/p>\n<p>&nbsp;<\/p>\n<p>Alpinestars jest obecnie szeroko stosowany w sportach motorowych<br \/>\nKierowcy tacy jak Nico H\u00fclkenberg nosz\u0105 kombinezony wy\u015bcigowe Alpinestars. Ale asortyment nie spe\u0142nia tylko wymaga\u0144 profesjonalist\u00f3w. Tak wi\u0119c pocz\u0105tkuj\u0105cy zorientowani na bud\u017cet korzystaj\u0105 w r\u00f3wnym stopniu z do\u015bwiadczenia sektora high-end bez konieczno\u015bci rezygnacji z modnego wzornictwa.<\/p>\n<p>W bie\u017c\u0105cym sezonie Alpinestars ponownie zoptymalizowa\u0142 i rozszerzy\u0142 swoj\u0105 ofert\u0119. Przegl\u0105d odzie\u017cy wy\u015bcigowej i kartingowej Alpinestars mo\u017cna znale\u017a\u0107 w naszym sklepie. Mo\u017cna tam \u0142atwo por\u00f3wna\u0107 aktualne kombinezony, buty i r\u0119kawice, a tak\u017ce szerok\u0105 gam\u0119 bielizny do sport\u00f3w motorowych i natychmiast z\u0142o\u017cy\u0107 zam\u00f3wienie.<\/p>","protected":false},"excerpt":{"rendered":"<p>Najwy\u017cszej klasy buty kartingowe Alpinestars wyznaczaj\u0105 standardy: bezszwowe przetwarzanie ultracienkiego i superlekkiego materia\u0142u zgodnie ze specyfikacjami anatomicznymi oznacza, \u017ce prawie nie czujesz buta kartingowego TECH 1KZ v2 i...<\/p>","protected":false},"featured_media":21340,"template":"","meta":[],"product_brand":[],"product_cat":[86,28,18],"product_tag":[79,1581,1835,1486,1728,142,1344,1727,940,1582,81,87,1726],"class_list":{"0":"post-18360","1":"product","2":"type-product","3":"status-publish","4":"has-post-thumbnail","6":"product_cat-alpinestars-topanky","7":"product_cat-topanky","8":"product_cat-vybava-pretekara","9":"product_tag-alpinestars","10":"product_tag-alpinestars-topanky-na-motokary","11":"product_tag-alpinestars-topanky-tech-1kx","12":"product_tag-detske-topanky-na-motokary","13":"product_tag-kart-shop","14":"product_tag-karting","15":"product_tag-karting-shop","16":"product_tag-kartingove-topanky","17":"product_tag-motokarove-topanky","18":"product_tag-motokarove-topanky-alpinestars","19":"product_tag-motokary","20":"product_tag-topanky","21":"product_tag-topanky-alpinestars-tech-1k-start-v2","23":"first","24":"onbackorder","25":"taxable","26":"shipping-taxable","27":"purchasable","28":"product-type-variable","29":"customify-col","30":"product-has-gallery"},"aioseo_notices":[],"_links":{"self":[{"href":"https:\/\/motokary-karting.sk\/pl\/wp-json\/wp\/v2\/product\/18360","targetHints":{"allow":["GET"]}}],"collection":[{"href":"https:\/\/motokary-karting.sk\/pl\/wp-json\/wp\/v2\/product"}],"about":[{"href":"https:\/\/motokary-karting.sk\/pl\/wp-json\/wp\/v2\/types\/product"}],"wp:featuredmedia":[{"embeddable":true,"href":"https:\/\/motokary-karting.sk\/pl\/wp-json\/wp\/v2\/media\/21340"}],"wp:attachment":[{"href":"https:\/\/motokary-karting.sk\/pl\/wp-json\/wp\/v2\/media?parent=18360"}],"wp:term":[{"taxonomy":"product_brand","embeddable":true,"href":"https:\/\/motokary-karting.sk\/pl\/wp-json\/wp\/v2\/product_brand?post=18360"},{"taxonomy":"product_cat","embeddable":true,"href":"https:\/\/motokary-karting.sk\/pl\/wp-json\/wp\/v2\/product_cat?post=18360"},{"taxonomy":"product_tag","embeddable":true,"href":"https:\/\/motokary-karting.sk\/pl\/wp-json\/wp\/v2\/product_tag?post=18360"}],"curies":[{"name":"wp","href":"https:\/\/api.w.org\/{rel}","templated":true}]}}