{"id":1837,"date":"2020-07-23T07:38:16","date_gmt":"2020-07-23T07:38:16","guid":{"rendered":"https:\/\/motokary-karting.sk\/?post_type=product&#038;p=1837"},"modified":"2024-06-10T07:46:34","modified_gmt":"2024-06-10T07:46:34","slug":"przednia-polos-lewa-strona-17mm-105","status":"publish","type":"product","link":"https:\/\/motokary-karting.sk\/pl\/produkt\/predna-poloos-lava-strana-17mm-105\/","title":{"rendered":"P\u00f3\u0142o\u015b przednia LEWA 17mm 10,5\u00b0 | sworze\u0144 8mm"},"content":{"rendered":"<p>\u015arednica wewn\u0119trzna dla sworznia 8 mm<\/p>","protected":false},"excerpt":{"rendered":"<p>\u015arednica wewn\u0119trzna dla sworznia 8 mm<\/p>","protected":false},"featured_media":1838,"template":"","meta":[],"product_brand":[],"product_cat":[271,378],"product_tag":[1728,142,1344,81,401,1935,1936],"class_list":{"0":"post-1837","1":"product","2":"type-product","3":"status-publish","4":"has-post-thumbnail","6":"product_cat-nahradne-diely-na-podvozky","7":"product_cat-riadenie-prislusenstvo","8":"product_tag-kart-shop","9":"product_tag-karting","10":"product_tag-karting-shop","11":"product_tag-motokary","12":"product_tag-poloos","13":"product_tag-predna-lava-poloos-na-motokaru","14":"product_tag-predna-naprava-na-motokaru","16":"first","17":"onbackorder","18":"taxable","19":"shipping-taxable","20":"purchasable","21":"product-type-simple","22":"customify-col"},"aioseo_notices":[],"_links":{"self":[{"href":"https:\/\/motokary-karting.sk\/pl\/wp-json\/wp\/v2\/product\/1837","targetHints":{"allow":["GET"]}}],"collection":[{"href":"https:\/\/motokary-karting.sk\/pl\/wp-json\/wp\/v2\/product"}],"about":[{"href":"https:\/\/motokary-karting.sk\/pl\/wp-json\/wp\/v2\/types\/product"}],"wp:featuredmedia":[{"embeddable":true,"href":"https:\/\/motokary-karting.sk\/pl\/wp-json\/wp\/v2\/media\/1838"}],"wp:attachment":[{"href":"https:\/\/motokary-karting.sk\/pl\/wp-json\/wp\/v2\/media?parent=1837"}],"wp:term":[{"taxonomy":"product_brand","embeddable":true,"href":"https:\/\/motokary-karting.sk\/pl\/wp-json\/wp\/v2\/product_brand?post=1837"},{"taxonomy":"product_cat","embeddable":true,"href":"https:\/\/motokary-karting.sk\/pl\/wp-json\/wp\/v2\/product_cat?post=1837"},{"taxonomy":"product_tag","embeddable":true,"href":"https:\/\/motokary-karting.sk\/pl\/wp-json\/wp\/v2\/product_tag?post=1837"}],"curies":[{"name":"wp","href":"https:\/\/api.w.org\/{rel}","templated":true}]}}