{"id":1839,"date":"2020-07-23T07:39:39","date_gmt":"2020-07-23T07:39:39","guid":{"rendered":"https:\/\/motokary-karting.sk\/?post_type=product&#038;p=1839"},"modified":"2025-05-30T05:16:34","modified_gmt":"2025-05-30T05:16:34","slug":"os-przednia-prawa-strona-25-mm-105","status":"publish","type":"product","link":"https:\/\/motokary-karting.sk\/pl\/produkt\/predna-poloos-prava-strana-25mm-105\/","title":{"rendered":"Przednia p\u00f3\u0142o\u015b PRAWA strona 25 mm 10,5\u00b0"},"content":{"rendered":"","protected":false},"excerpt":{"rendered":"<p>Dostawa w ci\u0105gu 7 dni<\/p>","protected":false},"featured_media":1841,"template":"","meta":[],"product_brand":[],"product_cat":[271,378],"product_tag":[142,81,401,402],"class_list":{"0":"post-1839","1":"product","2":"type-product","3":"status-publish","4":"has-post-thumbnail","6":"product_cat-nahradne-diely-na-podvozky","7":"product_cat-riadenie-prislusenstvo","8":"product_tag-karting","9":"product_tag-motokary","10":"product_tag-poloos","11":"product_tag-prava-predna-poloos","13":"first","14":"onbackorder","15":"taxable","16":"shipping-taxable","17":"purchasable","18":"product-type-simple","19":"customify-col"},"aioseo_notices":[],"_links":{"self":[{"href":"https:\/\/motokary-karting.sk\/pl\/wp-json\/wp\/v2\/product\/1839","targetHints":{"allow":["GET"]}}],"collection":[{"href":"https:\/\/motokary-karting.sk\/pl\/wp-json\/wp\/v2\/product"}],"about":[{"href":"https:\/\/motokary-karting.sk\/pl\/wp-json\/wp\/v2\/types\/product"}],"wp:featuredmedia":[{"embeddable":true,"href":"https:\/\/motokary-karting.sk\/pl\/wp-json\/wp\/v2\/media\/1841"}],"wp:attachment":[{"href":"https:\/\/motokary-karting.sk\/pl\/wp-json\/wp\/v2\/media?parent=1839"}],"wp:term":[{"taxonomy":"product_brand","embeddable":true,"href":"https:\/\/motokary-karting.sk\/pl\/wp-json\/wp\/v2\/product_brand?post=1839"},{"taxonomy":"product_cat","embeddable":true,"href":"https:\/\/motokary-karting.sk\/pl\/wp-json\/wp\/v2\/product_cat?post=1839"},{"taxonomy":"product_tag","embeddable":true,"href":"https:\/\/motokary-karting.sk\/pl\/wp-json\/wp\/v2\/product_tag?post=1839"}],"curies":[{"name":"wp","href":"https:\/\/api.w.org\/{rel}","templated":true}]}}