{"id":1858,"date":"2020-07-23T08:03:42","date_gmt":"2020-07-23T08:03:42","guid":{"rendered":"https:\/\/motokary-karting.sk\/?post_type=product&#038;p=1858"},"modified":"2025-05-30T05:15:22","modified_gmt":"2025-05-30T05:15:22","slug":"piasta-kola-przedniego-aluminiowa-czarna-17mm-dlugosc-55mm","status":"publish","type":"product","link":"https:\/\/motokary-karting.sk\/pl\/produkt\/predny-naboj-kolesa-hlinikovy-cierny-17mm-dlzka-55mm\/","title":{"rendered":"Piasta przedniego ko\u0142a aluminiowa czarna 17mm d\u0142ugo\u015b\u0107 55mm"},"content":{"rendered":"","protected":false},"excerpt":{"rendered":"","protected":false},"featured_media":1859,"template":"","meta":[],"product_brand":[],"product_cat":[399,271,650],"product_tag":[81,297,408,409],"class_list":{"0":"post-1858","1":"product","2":"type-product","3":"status-publish","4":"has-post-thumbnail","6":"product_cat-naboje-a-unasace","7":"product_cat-nahradne-diely-na-podvozky","8":"product_cat-o-17mm","9":"product_tag-motokary","10":"product_tag-naboj","11":"product_tag-naboj-kolesa","12":"product_tag-predny-naboj","14":"first","15":"onbackorder","16":"taxable","17":"shipping-taxable","18":"purchasable","19":"product-type-simple","20":"customify-col"},"aioseo_notices":[],"_links":{"self":[{"href":"https:\/\/motokary-karting.sk\/pl\/wp-json\/wp\/v2\/product\/1858","targetHints":{"allow":["GET"]}}],"collection":[{"href":"https:\/\/motokary-karting.sk\/pl\/wp-json\/wp\/v2\/product"}],"about":[{"href":"https:\/\/motokary-karting.sk\/pl\/wp-json\/wp\/v2\/types\/product"}],"wp:featuredmedia":[{"embeddable":true,"href":"https:\/\/motokary-karting.sk\/pl\/wp-json\/wp\/v2\/media\/1859"}],"wp:attachment":[{"href":"https:\/\/motokary-karting.sk\/pl\/wp-json\/wp\/v2\/media?parent=1858"}],"wp:term":[{"taxonomy":"product_brand","embeddable":true,"href":"https:\/\/motokary-karting.sk\/pl\/wp-json\/wp\/v2\/product_brand?post=1858"},{"taxonomy":"product_cat","embeddable":true,"href":"https:\/\/motokary-karting.sk\/pl\/wp-json\/wp\/v2\/product_cat?post=1858"},{"taxonomy":"product_tag","embeddable":true,"href":"https:\/\/motokary-karting.sk\/pl\/wp-json\/wp\/v2\/product_tag?post=1858"}],"curies":[{"name":"wp","href":"https:\/\/api.w.org\/{rel}","templated":true}]}}