{"id":1862,"date":"2020-07-23T08:08:57","date_gmt":"2020-07-23T08:08:57","guid":{"rendered":"https:\/\/motokary-karting.sk\/?post_type=product&#038;p=1862"},"modified":"2024-03-06T10:03:41","modified_gmt":"2024-03-06T10:03:41","slug":"piasta-kola-przedniego-aluminiowa-czarna-17mm-dlugosc-95mm","status":"publish","type":"product","link":"https:\/\/motokary-karting.sk\/pl\/produkt\/predny-naboj-kolesa-hlinikovy-cierny-17mm-dlzka-95mm\/","title":{"rendered":"Piasta przedniego ko\u0142a aluminiowa czarna 17mm d\u0142ugo\u015b\u0107 95mm"},"content":{"rendered":"","protected":false},"excerpt":{"rendered":"<p>Dostawa w ci\u0105gu 7 dni<\/p>","protected":false},"featured_media":1863,"template":"","meta":[],"product_brand":[],"product_cat":[399,271,650],"product_tag":[81,297,408,409],"class_list":{"0":"post-1862","1":"product","2":"type-product","3":"status-publish","4":"has-post-thumbnail","6":"product_cat-naboje-a-unasace","7":"product_cat-nahradne-diely-na-podvozky","8":"product_cat-o-17mm","9":"product_tag-motokary","10":"product_tag-naboj","11":"product_tag-naboj-kolesa","12":"product_tag-predny-naboj","14":"first","15":"onbackorder","16":"taxable","17":"shipping-taxable","18":"purchasable","19":"product-type-simple","20":"customify-col"},"aioseo_notices":[],"_links":{"self":[{"href":"https:\/\/motokary-karting.sk\/pl\/wp-json\/wp\/v2\/product\/1862","targetHints":{"allow":["GET"]}}],"collection":[{"href":"https:\/\/motokary-karting.sk\/pl\/wp-json\/wp\/v2\/product"}],"about":[{"href":"https:\/\/motokary-karting.sk\/pl\/wp-json\/wp\/v2\/types\/product"}],"wp:featuredmedia":[{"embeddable":true,"href":"https:\/\/motokary-karting.sk\/pl\/wp-json\/wp\/v2\/media\/1863"}],"wp:attachment":[{"href":"https:\/\/motokary-karting.sk\/pl\/wp-json\/wp\/v2\/media?parent=1862"}],"wp:term":[{"taxonomy":"product_brand","embeddable":true,"href":"https:\/\/motokary-karting.sk\/pl\/wp-json\/wp\/v2\/product_brand?post=1862"},{"taxonomy":"product_cat","embeddable":true,"href":"https:\/\/motokary-karting.sk\/pl\/wp-json\/wp\/v2\/product_cat?post=1862"},{"taxonomy":"product_tag","embeddable":true,"href":"https:\/\/motokary-karting.sk\/pl\/wp-json\/wp\/v2\/product_tag?post=1862"}],"curies":[{"name":"wp","href":"https:\/\/api.w.org\/{rel}","templated":true}]}}