{"id":1866,"date":"2020-07-23T08:12:24","date_gmt":"2020-07-23T08:12:24","guid":{"rendered":"https:\/\/motokary-karting.sk\/?post_type=product&#038;p=1866"},"modified":"2025-09-20T16:27:59","modified_gmt":"2025-09-20T16:27:59","slug":"piasta-kola-przedniego-aluminiowa-czarna-25mm-dlugosc-95mm","status":"publish","type":"product","link":"https:\/\/motokary-karting.sk\/pl\/produkt\/predny-naboj-kolesa-hlinikovy-cierny-25mm-dlzka-95mm\/","title":{"rendered":"Piasta ko\u0142a przedniego aluminiowa czarna 25mm d\u0142ugo\u015b\u0107 95mm"},"content":{"rendered":"","protected":false},"excerpt":{"rendered":"<p>Dostawa w ci\u0105gu 7 dni<\/p>","protected":false},"featured_media":1867,"template":"","meta":[],"product_brand":[],"product_cat":[399,271,649],"product_tag":[81,297,408,409],"class_list":{"0":"post-1866","1":"product","2":"type-product","3":"status-publish","4":"has-post-thumbnail","6":"product_cat-naboje-a-unasace","7":"product_cat-nahradne-diely-na-podvozky","8":"product_cat-o-25mm","9":"product_tag-motokary","10":"product_tag-naboj","11":"product_tag-naboj-kolesa","12":"product_tag-predny-naboj","14":"first","15":"onbackorder","16":"taxable","17":"shipping-taxable","18":"purchasable","19":"product-type-simple","20":"customify-col"},"aioseo_notices":[],"_links":{"self":[{"href":"https:\/\/motokary-karting.sk\/pl\/wp-json\/wp\/v2\/product\/1866","targetHints":{"allow":["GET"]}}],"collection":[{"href":"https:\/\/motokary-karting.sk\/pl\/wp-json\/wp\/v2\/product"}],"about":[{"href":"https:\/\/motokary-karting.sk\/pl\/wp-json\/wp\/v2\/types\/product"}],"wp:featuredmedia":[{"embeddable":true,"href":"https:\/\/motokary-karting.sk\/pl\/wp-json\/wp\/v2\/media\/1867"}],"wp:attachment":[{"href":"https:\/\/motokary-karting.sk\/pl\/wp-json\/wp\/v2\/media?parent=1866"}],"wp:term":[{"taxonomy":"product_brand","embeddable":true,"href":"https:\/\/motokary-karting.sk\/pl\/wp-json\/wp\/v2\/product_brand?post=1866"},{"taxonomy":"product_cat","embeddable":true,"href":"https:\/\/motokary-karting.sk\/pl\/wp-json\/wp\/v2\/product_cat?post=1866"},{"taxonomy":"product_tag","embeddable":true,"href":"https:\/\/motokary-karting.sk\/pl\/wp-json\/wp\/v2\/product_tag?post=1866"}],"curies":[{"name":"wp","href":"https:\/\/api.w.org\/{rel}","templated":true}]}}