{"id":1868,"date":"2020-07-23T08:13:59","date_gmt":"2020-07-23T08:13:59","guid":{"rendered":"https:\/\/motokary-karting.sk\/?post_type=product&#038;p=1868"},"modified":"2022-01-05T20:50:06","modified_gmt":"2022-01-05T20:50:06","slug":"lozysko-piasty-przedniej-25-mm-x-42-mm","status":"publish","type":"product","link":"https:\/\/motokary-karting.sk\/pl\/produkt\/lozisko-predneho-naboja-25mm-x-42mm\/","title":{"rendered":"\u0141o\u017cysko piasty przedniej 25 mm x 42 mm"},"content":{"rendered":"","protected":false},"excerpt":{"rendered":"<p>Dostawa w ci\u0105gu 7 dni<\/p>","protected":false},"featured_media":1869,"template":"","meta":[],"product_brand":[],"product_cat":[399,271,649],"product_tag":[142,410,411,81,297,408,409],"class_list":{"0":"post-1868","1":"product","2":"type-product","3":"status-publish","4":"has-post-thumbnail","6":"product_cat-naboje-a-unasace","7":"product_cat-nahradne-diely-na-podvozky","8":"product_cat-o-25mm","9":"product_tag-karting","10":"product_tag-lozisko","11":"product_tag-lozisko-naboja","12":"product_tag-motokary","13":"product_tag-naboj","14":"product_tag-naboj-kolesa","15":"product_tag-predny-naboj","17":"first","18":"onbackorder","19":"taxable","20":"shipping-taxable","21":"purchasable","22":"product-type-simple","23":"customify-col"},"aioseo_notices":[],"_links":{"self":[{"href":"https:\/\/motokary-karting.sk\/pl\/wp-json\/wp\/v2\/product\/1868","targetHints":{"allow":["GET"]}}],"collection":[{"href":"https:\/\/motokary-karting.sk\/pl\/wp-json\/wp\/v2\/product"}],"about":[{"href":"https:\/\/motokary-karting.sk\/pl\/wp-json\/wp\/v2\/types\/product"}],"wp:featuredmedia":[{"embeddable":true,"href":"https:\/\/motokary-karting.sk\/pl\/wp-json\/wp\/v2\/media\/1869"}],"wp:attachment":[{"href":"https:\/\/motokary-karting.sk\/pl\/wp-json\/wp\/v2\/media?parent=1868"}],"wp:term":[{"taxonomy":"product_brand","embeddable":true,"href":"https:\/\/motokary-karting.sk\/pl\/wp-json\/wp\/v2\/product_brand?post=1868"},{"taxonomy":"product_cat","embeddable":true,"href":"https:\/\/motokary-karting.sk\/pl\/wp-json\/wp\/v2\/product_cat?post=1868"},{"taxonomy":"product_tag","embeddable":true,"href":"https:\/\/motokary-karting.sk\/pl\/wp-json\/wp\/v2\/product_tag?post=1868"}],"curies":[{"name":"wp","href":"https:\/\/api.w.org\/{rel}","templated":true}]}}