{"id":1879,"date":"2020-07-23T08:30:19","date_gmt":"2020-07-23T08:30:19","guid":{"rendered":"https:\/\/motokary-karting.sk\/?post_type=product&#038;p=1879"},"modified":"2026-04-21T05:07:11","modified_gmt":"2026-04-21T05:07:11","slug":"pomocnik-do-montazu-sprezyny","status":"publish","type":"product","link":"https:\/\/motokary-karting.sk\/pl\/produkt\/pomocnik-pre-nasadenie-pruziny\/","title":{"rendered":"Pomoc w wiosennym wdro\u017ceniu"},"content":{"rendered":"","protected":false},"excerpt":{"rendered":"<p>Towary w magazynie s\u0105 wysy\u0142ane natychmiast<\/p>","protected":false},"featured_media":1878,"template":"","meta":[],"product_brand":[],"product_cat":[3360,1578,58,412],"product_tag":[415,142,419,417,81,416,418,413,414],"class_list":{"0":"post-1879","1":"product","2":"type-product","3":"status-publish","4":"has-post-thumbnail","6":"product_cat-ostatne-vybava-do-garaze","7":"product_cat-pruziny-vyfuku","8":"product_cat-vybava-do-garaze","9":"product_cat-vyfuky-pruziny-prislusenstvo","10":"product_tag-drziak-vyfuku","11":"product_tag-karting","12":"product_tag-klieste","13":"product_tag-miska","14":"product_tag-motokary","15":"product_tag-podlozka-drziaku-vyfuku","16":"product_tag-pomocnik","17":"product_tag-vyfuk","18":"product_tag-vyfuky","20":"first","21":"onbackorder","22":"taxable","23":"shipping-taxable","24":"purchasable","25":"product-type-simple","26":"customify-col"},"aioseo_notices":[],"_links":{"self":[{"href":"https:\/\/motokary-karting.sk\/pl\/wp-json\/wp\/v2\/product\/1879","targetHints":{"allow":["GET"]}}],"collection":[{"href":"https:\/\/motokary-karting.sk\/pl\/wp-json\/wp\/v2\/product"}],"about":[{"href":"https:\/\/motokary-karting.sk\/pl\/wp-json\/wp\/v2\/types\/product"}],"wp:featuredmedia":[{"embeddable":true,"href":"https:\/\/motokary-karting.sk\/pl\/wp-json\/wp\/v2\/media\/1878"}],"wp:attachment":[{"href":"https:\/\/motokary-karting.sk\/pl\/wp-json\/wp\/v2\/media?parent=1879"}],"wp:term":[{"taxonomy":"product_brand","embeddable":true,"href":"https:\/\/motokary-karting.sk\/pl\/wp-json\/wp\/v2\/product_brand?post=1879"},{"taxonomy":"product_cat","embeddable":true,"href":"https:\/\/motokary-karting.sk\/pl\/wp-json\/wp\/v2\/product_cat?post=1879"},{"taxonomy":"product_tag","embeddable":true,"href":"https:\/\/motokary-karting.sk\/pl\/wp-json\/wp\/v2\/product_tag?post=1879"}],"curies":[{"name":"wp","href":"https:\/\/api.w.org\/{rel}","templated":true}]}}