{"id":18808,"date":"2024-12-13T18:00:02","date_gmt":"2024-12-13T18:00:02","guid":{"rendered":"https:\/\/motokary-karting.sk\/?post_type=product&#038;p=18808"},"modified":"2024-12-14T12:07:23","modified_gmt":"2024-12-14T12:07:23","slug":"kurtka-soft-shell-sparco-tech","status":"publish","type":"product","link":"https:\/\/motokary-karting.sk\/pl\/produkt\/sparco-bunda-tech-soft-shell\/","title":{"rendered":"Kurtka Sparco Tech Soft Shell"},"content":{"rendered":"<p>Kurtka softshell Sparco Teamwork z podszewk\u0105, polarowym wn\u0119trzem i odpinanym kapturem. Odporne na \u015bcieranie wstawki na r\u0119kawach. Odblaskowe elementy na ramionach i r\u0119kawach dla wi\u0119kszego bezpiecze\u0144stwa.<\/p>\n<p>Materia\u0142 zewn\u0119trzny: 94% poliester, 6% spandex<br \/>\nMateria\u0142 wewn\u0119trzny: poliester 100% (polar)<\/p>","protected":false},"excerpt":{"rendered":"<p>Kurtka softshell Sparco Teamwork z podszewk\u0105, polarowym wn\u0119trzem i odpinanym kapturem. Odporne na \u015bcieranie wstawki na r\u0119kawach. Odblaskowe elementy na ramionach i...<\/p>","protected":false},"featured_media":27169,"template":"","meta":[],"product_brand":[],"product_cat":[2916,32,1458],"product_tag":[3073,3059,3061,3058,1728,142,213,1421,3078,81,26,1419,1418,3057,3060,1420,1755,3080,3079],"class_list":{"0":"post-18808","1":"product","2":"type-product","3":"status-publish","4":"has-post-thumbnail","6":"product_cat-bundy","7":"product_cat-lifestyle-oblecenie-a-produkty-na-volny-cas","8":"product_cat-martini-racing","9":"product_tag-bunda-martini-racing","10":"product_tag-bunda-na-zips","11":"product_tag-bunda-na-zips-sparco","12":"product_tag-bunda-sparco","13":"product_tag-kart-shop","14":"product_tag-karting","15":"product_tag-lifestyle","16":"product_tag-martini-racing","17":"product_tag-martini-racing-bunda","18":"product_tag-motokary","19":"product_tag-sparco","20":"product_tag-sparco-bomber","21":"product_tag-sparco-bomber-bunda","22":"product_tag-sparco-bunda","23":"product_tag-sparco-bunda-na-zips","24":"product_tag-sparco-martini-racing","25":"product_tag-sparco-shop","26":"product_tag-sparco-vetrovka","27":"product_tag-vetrovka-sparco","29":"first","30":"onbackorder","31":"taxable","32":"shipping-taxable","33":"purchasable","34":"product-type-variable","35":"customify-col","36":"product-has-gallery"},"aioseo_notices":[],"_links":{"self":[{"href":"https:\/\/motokary-karting.sk\/pl\/wp-json\/wp\/v2\/product\/18808","targetHints":{"allow":["GET"]}}],"collection":[{"href":"https:\/\/motokary-karting.sk\/pl\/wp-json\/wp\/v2\/product"}],"about":[{"href":"https:\/\/motokary-karting.sk\/pl\/wp-json\/wp\/v2\/types\/product"}],"wp:featuredmedia":[{"embeddable":true,"href":"https:\/\/motokary-karting.sk\/pl\/wp-json\/wp\/v2\/media\/27169"}],"wp:attachment":[{"href":"https:\/\/motokary-karting.sk\/pl\/wp-json\/wp\/v2\/media?parent=18808"}],"wp:term":[{"taxonomy":"product_brand","embeddable":true,"href":"https:\/\/motokary-karting.sk\/pl\/wp-json\/wp\/v2\/product_brand?post=18808"},{"taxonomy":"product_cat","embeddable":true,"href":"https:\/\/motokary-karting.sk\/pl\/wp-json\/wp\/v2\/product_cat?post=18808"},{"taxonomy":"product_tag","embeddable":true,"href":"https:\/\/motokary-karting.sk\/pl\/wp-json\/wp\/v2\/product_tag?post=18808"}],"curies":[{"name":"wp","href":"https:\/\/api.w.org\/{rel}","templated":true}]}}