{"id":19017,"date":"2023-01-16T10:18:05","date_gmt":"2023-01-16T10:18:05","guid":{"rendered":"https:\/\/motokary-karting.sk\/?post_type=product&#038;p=19017"},"modified":"2023-01-16T10:20:40","modified_gmt":"2023-01-16T10:20:40","slug":"kolo-rozrusznika-do-silnika-4t-2","status":"publish","type":"product","link":"https:\/\/motokary-karting.sk\/pl\/produkt\/pruzina-pre-startovacie-kolo-pre-4t-motor\/","title":{"rendered":"Spr\u0119\u017cyna ko\u0142a rozrusznika dla silnika 4T"},"content":{"rendered":"<p>Nadaje si\u0119 do silnik\u00f3w o pojemno\u015bci 270 cm3 i 390 cm3<\/p>","protected":false},"excerpt":{"rendered":"<p>Nadaje si\u0119 do silnik\u00f3w o pojemno\u015bci 270 cm3 i 390 cm3<\/p>","protected":false},"featured_media":19018,"template":"","meta":[],"product_brand":[],"product_cat":[287,1180,77],"product_tag":[142,81,293,290,3277,1192],"class_list":{"0":"post-19017","1":"product","2":"type-product","3":"status-publish","4":"has-post-thumbnail","6":"product_cat-motory-nahradne-diely","7":"product_cat-ostatne-motory-nahradne-diely","8":"product_cat-rental-karting","9":"product_tag-karting","10":"product_tag-motokary","11":"product_tag-pozicovna","12":"product_tag-pozicovna-motokar","13":"product_tag-startovacia-snura","14":"product_tag-vyfuk-honda-390","16":"first","17":"onbackorder","18":"taxable","19":"shipping-taxable","20":"purchasable","21":"product-type-simple","22":"customify-col"},"aioseo_notices":[],"_links":{"self":[{"href":"https:\/\/motokary-karting.sk\/pl\/wp-json\/wp\/v2\/product\/19017","targetHints":{"allow":["GET"]}}],"collection":[{"href":"https:\/\/motokary-karting.sk\/pl\/wp-json\/wp\/v2\/product"}],"about":[{"href":"https:\/\/motokary-karting.sk\/pl\/wp-json\/wp\/v2\/types\/product"}],"wp:featuredmedia":[{"embeddable":true,"href":"https:\/\/motokary-karting.sk\/pl\/wp-json\/wp\/v2\/media\/19018"}],"wp:attachment":[{"href":"https:\/\/motokary-karting.sk\/pl\/wp-json\/wp\/v2\/media?parent=19017"}],"wp:term":[{"taxonomy":"product_brand","embeddable":true,"href":"https:\/\/motokary-karting.sk\/pl\/wp-json\/wp\/v2\/product_brand?post=19017"},{"taxonomy":"product_cat","embeddable":true,"href":"https:\/\/motokary-karting.sk\/pl\/wp-json\/wp\/v2\/product_cat?post=19017"},{"taxonomy":"product_tag","embeddable":true,"href":"https:\/\/motokary-karting.sk\/pl\/wp-json\/wp\/v2\/product_tag?post=19017"}],"curies":[{"name":"wp","href":"https:\/\/api.w.org\/{rel}","templated":true}]}}