{"id":1921,"date":"2020-08-12T17:14:32","date_gmt":"2020-08-12T17:14:32","guid":{"rendered":"https:\/\/motokary-karting.sk\/?post_type=product&#038;p=1921"},"modified":"2026-03-12T09:42:33","modified_gmt":"2026-03-12T09:42:33","slug":"profile-siedziska-dla-tylnego-siedzenia","status":"publish","type":"product","link":"https:\/\/motokary-karting.sk\/pl\/produkt\/makke-profily-na-sedadlo-zadne\/","title":{"rendered":"Mi\u0119kkie profile siedze\u0144 TY\u0141"},"content":{"rendered":"","protected":false},"excerpt":{"rendered":"<p>Towary w magazynie s\u0105 wysy\u0142ane natychmiast<\/p>","protected":false},"featured_media":1922,"template":"","meta":[],"product_brand":[],"product_cat":[271,366,279,158],"product_tag":[142,448,178,81,450,449],"class_list":{"0":"post-1921","1":"product","2":"type-product","3":"status-publish","4":"has-post-thumbnail","6":"product_cat-nahradne-diely-na-podvozky","7":"product_cat-prislusenstvo-k-sedadlam","8":"product_cat-sedadla-prislusenstvo","9":"product_cat-tip-na-darcek","10":"product_tag-karting","11":"product_tag-makke-profily-na-sedadlo","12":"product_tag-makkeprofily","13":"product_tag-motokary","14":"product_tag-polstrovanie-sedadla","15":"product_tag-polstrovanie-sedadla-zadne","17":"first","18":"instock","19":"taxable","20":"shipping-taxable","21":"purchasable","22":"product-type-simple","23":"customify-col","24":"product-has-gallery"},"aioseo_notices":[],"_links":{"self":[{"href":"https:\/\/motokary-karting.sk\/pl\/wp-json\/wp\/v2\/product\/1921","targetHints":{"allow":["GET"]}}],"collection":[{"href":"https:\/\/motokary-karting.sk\/pl\/wp-json\/wp\/v2\/product"}],"about":[{"href":"https:\/\/motokary-karting.sk\/pl\/wp-json\/wp\/v2\/types\/product"}],"wp:featuredmedia":[{"embeddable":true,"href":"https:\/\/motokary-karting.sk\/pl\/wp-json\/wp\/v2\/media\/1922"}],"wp:attachment":[{"href":"https:\/\/motokary-karting.sk\/pl\/wp-json\/wp\/v2\/media?parent=1921"}],"wp:term":[{"taxonomy":"product_brand","embeddable":true,"href":"https:\/\/motokary-karting.sk\/pl\/wp-json\/wp\/v2\/product_brand?post=1921"},{"taxonomy":"product_cat","embeddable":true,"href":"https:\/\/motokary-karting.sk\/pl\/wp-json\/wp\/v2\/product_cat?post=1921"},{"taxonomy":"product_tag","embeddable":true,"href":"https:\/\/motokary-karting.sk\/pl\/wp-json\/wp\/v2\/product_tag?post=1921"}],"curies":[{"name":"wp","href":"https:\/\/api.w.org\/{rel}","templated":true}]}}