{"id":19720,"date":"2023-04-14T16:04:55","date_gmt":"2023-04-14T16:04:55","guid":{"rendered":"https:\/\/motokary-karting.sk\/?post_type=product&#038;p=19720"},"modified":"2026-03-03T16:03:07","modified_gmt":"2026-03-03T16:03:07","slug":"sprzeglo-dla-did-219","status":"publish","type":"product","link":"https:\/\/motokary-karting.sk\/pl\/produkt\/spojka-na-retaz-did-219\/","title":{"rendered":"Sprz\u0119g\u0142o \u0142a\u0144cuchowe DID 219"},"content":{"rendered":"","protected":false},"excerpt":{"rendered":"","protected":false},"featured_media":19721,"template":"","meta":[],"product_brand":[],"product_cat":[271,341],"product_tag":[142,1344,81,2260,2261],"class_list":{"0":"post-19720","1":"product","2":"type-product","3":"status-publish","4":"has-post-thumbnail","6":"product_cat-nahradne-diely-na-podvozky","7":"product_cat-retaze-rozety-kryty-na-retaz","8":"product_tag-karting","9":"product_tag-karting-shop","10":"product_tag-motokary","11":"product_tag-spojka-na-retaz","12":"product_tag-spojka-na-retaz-428","14":"first","15":"instock","16":"taxable","17":"shipping-taxable","18":"purchasable","19":"product-type-simple","20":"customify-col"},"aioseo_notices":[],"_links":{"self":[{"href":"https:\/\/motokary-karting.sk\/pl\/wp-json\/wp\/v2\/product\/19720","targetHints":{"allow":["GET"]}}],"collection":[{"href":"https:\/\/motokary-karting.sk\/pl\/wp-json\/wp\/v2\/product"}],"about":[{"href":"https:\/\/motokary-karting.sk\/pl\/wp-json\/wp\/v2\/types\/product"}],"wp:featuredmedia":[{"embeddable":true,"href":"https:\/\/motokary-karting.sk\/pl\/wp-json\/wp\/v2\/media\/19721"}],"wp:attachment":[{"href":"https:\/\/motokary-karting.sk\/pl\/wp-json\/wp\/v2\/media?parent=19720"}],"wp:term":[{"taxonomy":"product_brand","embeddable":true,"href":"https:\/\/motokary-karting.sk\/pl\/wp-json\/wp\/v2\/product_brand?post=19720"},{"taxonomy":"product_cat","embeddable":true,"href":"https:\/\/motokary-karting.sk\/pl\/wp-json\/wp\/v2\/product_cat?post=19720"},{"taxonomy":"product_tag","embeddable":true,"href":"https:\/\/motokary-karting.sk\/pl\/wp-json\/wp\/v2\/product_tag?post=19720"}],"curies":[{"name":"wp","href":"https:\/\/api.w.org\/{rel}","templated":true}]}}