{"id":19728,"date":"2023-04-16T11:27:33","date_gmt":"2023-04-16T11:27:33","guid":{"rendered":"https:\/\/motokary-karting.sk\/?post_type=product&#038;p=19728"},"modified":"2026-01-29T13:30:33","modified_gmt":"2026-01-29T13:30:33","slug":"mini-sruba-do-wspornika-tylnej-osi-cervik-do-wspornika-25mm-30mm-m6","status":"publish","type":"product","link":"https:\/\/motokary-karting.sk\/pl\/produkt\/mini-skrutka-na-zadne-lozisko-osi-cervik-pre-lozisko-25mm-30mm-m6\/","title":{"rendered":"Mini \u015bruba do \u0142o\u017cyska tylnej osi (\u015blimak) | do \u0142o\u017cyska 25mm-30mm | M6"},"content":{"rendered":"","protected":false},"excerpt":{"rendered":"","protected":false},"featured_media":9068,"template":"","meta":[],"product_brand":[],"product_cat":[271,3023,668,368],"product_tag":[2195,142,1344,2196,81],"class_list":{"0":"post-19728","1":"product","2":"type-product","3":"status-publish","4":"has-post-thumbnail","6":"product_cat-nahradne-diely-na-podvozky","7":"product_cat-o-25mm-zadne-osi-prislusenstvo","8":"product_cat-o-30mm-zadne-osi-prislusenstvo","9":"product_cat-zadne-osi-prislusenstvo","10":"product_tag-cervik","11":"product_tag-karting","12":"product_tag-karting-shop","13":"product_tag-mini-skrutka-na-zadnu-os","14":"product_tag-motokary","16":"first","17":"instock","18":"taxable","19":"shipping-taxable","20":"purchasable","21":"product-type-simple","22":"customify-col"},"aioseo_notices":[],"_links":{"self":[{"href":"https:\/\/motokary-karting.sk\/pl\/wp-json\/wp\/v2\/product\/19728","targetHints":{"allow":["GET"]}}],"collection":[{"href":"https:\/\/motokary-karting.sk\/pl\/wp-json\/wp\/v2\/product"}],"about":[{"href":"https:\/\/motokary-karting.sk\/pl\/wp-json\/wp\/v2\/types\/product"}],"wp:featuredmedia":[{"embeddable":true,"href":"https:\/\/motokary-karting.sk\/pl\/wp-json\/wp\/v2\/media\/9068"}],"wp:attachment":[{"href":"https:\/\/motokary-karting.sk\/pl\/wp-json\/wp\/v2\/media?parent=19728"}],"wp:term":[{"taxonomy":"product_brand","embeddable":true,"href":"https:\/\/motokary-karting.sk\/pl\/wp-json\/wp\/v2\/product_brand?post=19728"},{"taxonomy":"product_cat","embeddable":true,"href":"https:\/\/motokary-karting.sk\/pl\/wp-json\/wp\/v2\/product_cat?post=19728"},{"taxonomy":"product_tag","embeddable":true,"href":"https:\/\/motokary-karting.sk\/pl\/wp-json\/wp\/v2\/product_tag?post=19728"}],"curies":[{"name":"wp","href":"https:\/\/api.w.org\/{rel}","templated":true}]}}