{"id":199,"date":"2020-11-16T18:46:19","date_gmt":"2020-11-16T18:46:19","guid":{"rendered":"https:\/\/motokary-karting.sk\/?post_type=product&#038;p=199"},"modified":"2026-04-12T09:06:20","modified_gmt":"2026-04-12T09:06:20","slug":"latwy-demontaz-opon","status":"publish","type":"product","link":"https:\/\/motokary-karting.sk\/pl\/produkt\/vyzuvac-na-pneumatiky-easy\/","title":{"rendered":"\u015aci\u0105gacz do opon - \u0142atwy \u015bci\u0105gacz do opon (PROFI)"},"content":{"rendered":"<p>PROFI PRODUCT<\/p>","protected":false},"excerpt":{"rendered":"<p>PROFI PRODUCT<\/p>","protected":false},"featured_media":28580,"template":"","meta":[],"product_brand":[],"product_cat":[3360,1142,158,58],"product_tag":[142,81,1226,1506,1225,1223,1222],"class_list":{"0":"post-199","1":"product","2":"type-product","3":"status-publish","4":"has-post-thumbnail","6":"product_cat-ostatne-vybava-do-garaze","7":"product_cat-prislusenstvo-pneumatiky","8":"product_cat-tip-na-darcek","9":"product_cat-vybava-do-garaze","10":"product_tag-karting","11":"product_tag-motokary","12":"product_tag-servisne-vybavenie-na-motokary","13":"product_tag-stahovak-na-gumy-motokara","14":"product_tag-stahovak-na-motokarove-pneu","15":"product_tag-vyzuvak-na-pneu-motokara","16":"product_tag-vyzuvak-pneu-motokary","18":"first","19":"instock","20":"taxable","21":"shipping-taxable","22":"purchasable","23":"product-type-simple","24":"customify-col"},"aioseo_notices":[],"_links":{"self":[{"href":"https:\/\/motokary-karting.sk\/pl\/wp-json\/wp\/v2\/product\/199","targetHints":{"allow":["GET"]}}],"collection":[{"href":"https:\/\/motokary-karting.sk\/pl\/wp-json\/wp\/v2\/product"}],"about":[{"href":"https:\/\/motokary-karting.sk\/pl\/wp-json\/wp\/v2\/types\/product"}],"wp:featuredmedia":[{"embeddable":true,"href":"https:\/\/motokary-karting.sk\/pl\/wp-json\/wp\/v2\/media\/28580"}],"wp:attachment":[{"href":"https:\/\/motokary-karting.sk\/pl\/wp-json\/wp\/v2\/media?parent=199"}],"wp:term":[{"taxonomy":"product_brand","embeddable":true,"href":"https:\/\/motokary-karting.sk\/pl\/wp-json\/wp\/v2\/product_brand?post=199"},{"taxonomy":"product_cat","embeddable":true,"href":"https:\/\/motokary-karting.sk\/pl\/wp-json\/wp\/v2\/product_cat?post=199"},{"taxonomy":"product_tag","embeddable":true,"href":"https:\/\/motokary-karting.sk\/pl\/wp-json\/wp\/v2\/product_tag?post=199"}],"curies":[{"name":"wp","href":"https:\/\/api.w.org\/{rel}","templated":true}]}}