{"id":19908,"date":"2023-07-07T07:12:12","date_gmt":"2023-07-07T07:12:12","guid":{"rendered":"https:\/\/motokary-karting.sk\/?post_type=product&#038;p=19908"},"modified":"2026-03-31T06:27:32","modified_gmt":"2026-03-31T06:27:32","slug":"motul-spray-do-czyszczenia-kaskow-i-wizjerow-250ml","status":"publish","type":"product","link":"https:\/\/motokary-karting.sk\/pl\/produkt\/motul-helmet-and-visor-clean-cistic-prilby-a-plexi-v-spreji-250ml\/","title":{"rendered":"MOTUL Helmet and Visor Clean - \u015arodek do czyszczenia kask\u00f3w i pleksi w sprayu 250 ml"},"content":{"rendered":"<p>\u015arodek do czyszczenia kask\u00f3w MOTUL (do u\u017cytku na zewn\u0105trz)<\/p>\n<p>250 ml<\/p>\n<p>Produkt zosta\u0142 opracowany specjalnie do czyszczenia kask\u00f3w.<\/p>\n<p>&nbsp;<\/p>","protected":false},"excerpt":{"rendered":"<p>MOTUL Helmet Cleaner (do u\u017cytku zewn\u0119trznego) 250 ml Produkt zosta\u0142 opracowany specjalnie do czyszczenia kask\u00f3w. &nbsp;<\/p>","protected":false},"featured_media":19909,"template":"","meta":[],"product_brand":[],"product_cat":[2767,2722,3351,2764,2768,3317,2766,2765,58,3348],"product_tag":[2272,2876,2271,142,1344,81,3301,3300,2269,2877,2270],"class_list":{"0":"post-19908","1":"product","2":"type-product","3":"status-publish","4":"has-post-thumbnail","6":"product_cat-arai-prislusenstvo","7":"product_cat-bell-prislusenstvo","8":"product_cat-cistice-na-prilby","9":"product_cat-ls2-prislusenstvo","10":"product_cat-omp-prislusenstvo","11":"product_cat-schuberth-prislusenstvi","12":"product_cat-sparco-prislusenstvo","13":"product_cat-stilo-prislusenstvo","14":"product_cat-vybava-do-garaze","15":"product_cat-zamp-prislusenstvo","16":"product_tag-cistic-prilby","17":"product_tag-cistic-vnutrajska-prilby","18":"product_tag-helmet-visor-cleaner","19":"product_tag-karting","20":"product_tag-karting-shop","21":"product_tag-motokary","22":"product_tag-motul-cistic-prilby","23":"product_tag-motul-helmet-interior-cleaner","24":"product_tag-visor-cleaner","25":"product_tag-vnutorny-cistic-prilby","26":"product_tag-xeramic","28":"first","29":"instock","30":"sale","31":"taxable","32":"shipping-taxable","33":"purchasable","34":"product-type-simple","35":"customify-col"},"aioseo_notices":[],"_links":{"self":[{"href":"https:\/\/motokary-karting.sk\/pl\/wp-json\/wp\/v2\/product\/19908","targetHints":{"allow":["GET"]}}],"collection":[{"href":"https:\/\/motokary-karting.sk\/pl\/wp-json\/wp\/v2\/product"}],"about":[{"href":"https:\/\/motokary-karting.sk\/pl\/wp-json\/wp\/v2\/types\/product"}],"wp:featuredmedia":[{"embeddable":true,"href":"https:\/\/motokary-karting.sk\/pl\/wp-json\/wp\/v2\/media\/19909"}],"wp:attachment":[{"href":"https:\/\/motokary-karting.sk\/pl\/wp-json\/wp\/v2\/media?parent=19908"}],"wp:term":[{"taxonomy":"product_brand","embeddable":true,"href":"https:\/\/motokary-karting.sk\/pl\/wp-json\/wp\/v2\/product_brand?post=19908"},{"taxonomy":"product_cat","embeddable":true,"href":"https:\/\/motokary-karting.sk\/pl\/wp-json\/wp\/v2\/product_cat?post=19908"},{"taxonomy":"product_tag","embeddable":true,"href":"https:\/\/motokary-karting.sk\/pl\/wp-json\/wp\/v2\/product_tag?post=19908"}],"curies":[{"name":"wp","href":"https:\/\/api.w.org\/{rel}","templated":true}]}}