{"id":1992,"date":"2020-08-02T12:03:09","date_gmt":"2020-08-02T12:03:09","guid":{"rendered":"https:\/\/motokary-karting.sk\/?post_type=product&#038;p=1992"},"modified":"2026-04-18T08:13:04","modified_gmt":"2026-04-18T08:13:04","slug":"sparco-rekawice-neoprenowe-crw-czarne","status":"publish","type":"product","link":"https:\/\/motokary-karting.sk\/pl\/produkt\/sparco-neoprenove-rukavice-crw-cierne\/","title":{"rendered":"R\u0119kawice neoprenowe Sparco CRW czarne - na deszcz"},"content":{"rendered":"<p>R\u0119kawice neoprenowe na zimne dni<\/p>\n<p>Ergonomicznie ukszta\u0142towana d\u0142o\u0144 z silikonow\u0105 pow\u0142ok\u0105 zapewnia doskona\u0142\u0105 przyczepno\u015b\u0107.<\/p>\n<p>Elastyczne z uszczelnionymi szwami.<\/p>\n<p>SK\u0141AD: neopren 100% z nylonem 80% + spandex 20%<\/p>","protected":false},"excerpt":{"rendered":"<p>R\u0119kawice neoprenowe na zimn\u0105 pogod\u0119 Ergonomicznie ukszta\u0142towana d\u0142o\u0144 z silikonow\u0105 pow\u0142ok\u0105 zapewniaj\u0105c\u0105 doskona\u0142\u0105 przyczepno\u015b\u0107. Elastyczne i uszczelnione szwy. SK\u0141AD: neopren 100% z nylonem 80%....<\/p>","protected":false},"featured_media":1994,"template":"","meta":[],"product_brand":[],"product_cat":[15,93,18],"product_tag":[473,142,1344,2099,81,475,2100,472,26,2097,2098,474],"class_list":{"0":"post-1992","1":"product","2":"type-product","3":"status-publish","4":"has-post-thumbnail","6":"product_cat-rukavice","7":"product_cat-sparco","8":"product_cat-vybava-pretekara","9":"product_tag-kart-racing","10":"product_tag-karting","11":"product_tag-karting-shop","12":"product_tag-motokarove-rukavice-do-dazda","13":"product_tag-motokary","14":"product_tag-neoprenove-rukavice","15":"product_tag-rukavice-dodazda","16":"product_tag-rukavice-sparco","17":"product_tag-sparco","18":"product_tag-sparco-crw","19":"product_tag-sparco-crw-rukavice","20":"product_tag-sparco-rukavice","22":"first","23":"instock","24":"taxable","25":"shipping-taxable","26":"purchasable","27":"product-type-variable","28":"customify-col","29":"product-has-gallery"},"aioseo_notices":[],"_links":{"self":[{"href":"https:\/\/motokary-karting.sk\/pl\/wp-json\/wp\/v2\/product\/1992","targetHints":{"allow":["GET"]}}],"collection":[{"href":"https:\/\/motokary-karting.sk\/pl\/wp-json\/wp\/v2\/product"}],"about":[{"href":"https:\/\/motokary-karting.sk\/pl\/wp-json\/wp\/v2\/types\/product"}],"wp:featuredmedia":[{"embeddable":true,"href":"https:\/\/motokary-karting.sk\/pl\/wp-json\/wp\/v2\/media\/1994"}],"wp:attachment":[{"href":"https:\/\/motokary-karting.sk\/pl\/wp-json\/wp\/v2\/media?parent=1992"}],"wp:term":[{"taxonomy":"product_brand","embeddable":true,"href":"https:\/\/motokary-karting.sk\/pl\/wp-json\/wp\/v2\/product_brand?post=1992"},{"taxonomy":"product_cat","embeddable":true,"href":"https:\/\/motokary-karting.sk\/pl\/wp-json\/wp\/v2\/product_cat?post=1992"},{"taxonomy":"product_tag","embeddable":true,"href":"https:\/\/motokary-karting.sk\/pl\/wp-json\/wp\/v2\/product_tag?post=1992"}],"curies":[{"name":"wp","href":"https:\/\/api.w.org\/{rel}","templated":true}]}}