{"id":19925,"date":"2023-07-16T13:40:28","date_gmt":"2023-07-16T13:40:28","guid":{"rendered":"https:\/\/motokary-karting.sk\/?post_type=product&#038;p=19925"},"modified":"2023-07-16T13:41:51","modified_gmt":"2023-07-16T13:41:51","slug":"lozysko-o-dlugiej-zywotnosci-17-mm-srednica-wewnetrzna-35-srednica-zewnetrzna","status":"publish","type":"product","link":"https:\/\/motokary-karting.sk\/pl\/produkt\/longlife-lozisko-17mm-vnutorny-priemer-35-vonkajsi-priemer\/","title":{"rendered":"\u0141o\u017cysko LONGLIFE 17mm \u015brednica wewn\u0119trzna 35 \u015brednica zewn\u0119trzna"},"content":{"rendered":"","protected":false},"excerpt":{"rendered":"","protected":false},"featured_media":19926,"template":"","meta":[],"product_brand":[],"product_cat":[209,399,271,650,1464],"product_tag":[142,410,411,81,297,408,409],"class_list":{"0":"post-19925","1":"product","2":"type-product","3":"status-publish","4":"has-post-thumbnail","6":"product_cat-disky-prislusenstvo","7":"product_cat-naboje-a-unasace","8":"product_cat-nahradne-diely-na-podvozky","9":"product_cat-o-17mm","10":"product_cat-predne","11":"product_tag-karting","12":"product_tag-lozisko","13":"product_tag-lozisko-naboja","14":"product_tag-motokary","15":"product_tag-naboj","16":"product_tag-naboj-kolesa","17":"product_tag-predny-naboj","19":"first","20":"onbackorder","21":"taxable","22":"shipping-taxable","23":"purchasable","24":"product-type-simple","25":"customify-col"},"aioseo_notices":[],"_links":{"self":[{"href":"https:\/\/motokary-karting.sk\/pl\/wp-json\/wp\/v2\/product\/19925","targetHints":{"allow":["GET"]}}],"collection":[{"href":"https:\/\/motokary-karting.sk\/pl\/wp-json\/wp\/v2\/product"}],"about":[{"href":"https:\/\/motokary-karting.sk\/pl\/wp-json\/wp\/v2\/types\/product"}],"wp:featuredmedia":[{"embeddable":true,"href":"https:\/\/motokary-karting.sk\/pl\/wp-json\/wp\/v2\/media\/19926"}],"wp:attachment":[{"href":"https:\/\/motokary-karting.sk\/pl\/wp-json\/wp\/v2\/media?parent=19925"}],"wp:term":[{"taxonomy":"product_brand","embeddable":true,"href":"https:\/\/motokary-karting.sk\/pl\/wp-json\/wp\/v2\/product_brand?post=19925"},{"taxonomy":"product_cat","embeddable":true,"href":"https:\/\/motokary-karting.sk\/pl\/wp-json\/wp\/v2\/product_cat?post=19925"},{"taxonomy":"product_tag","embeddable":true,"href":"https:\/\/motokary-karting.sk\/pl\/wp-json\/wp\/v2\/product_tag?post=19925"}],"curies":[{"name":"wp","href":"https:\/\/api.w.org\/{rel}","templated":true}]}}