{"id":19931,"date":"2023-07-16T13:49:47","date_gmt":"2023-07-16T13:49:47","guid":{"rendered":"https:\/\/motokary-karting.sk\/?post_type=product&#038;p=19931"},"modified":"2026-01-29T09:34:12","modified_gmt":"2026-01-29T09:34:12","slug":"motokara-kid-croc-z-silnikiem-i-oponami","status":"publish","type":"product","link":"https:\/\/motokary-karting.sk\/pl\/produkt\/motokara-kid-croc-komplet-poskladana-s-motorom-a-pneu\/","title":{"rendered":"Kart KID-CROC - kompletnie zmontowany z silnikiem i oponami"},"content":{"rendered":"<p>Nowy CROC!<\/p>\n<p>CROC Kid Kart jest przeznaczony dla dzieci w wieku od 4 do 8 lat.<\/p>\n<p>&nbsp;<\/p>\n<p><strong>GOTOWY DO JAZDY - Kompletny z oponami i wszystkim, czego potrzebujesz do jazdy<\/strong><\/p>\n<p>SZCZEG\u00d3\u0141Y PODWOZIA:<br \/>\nRury podwozia: 25 mm<br \/>\nRozstaw osi: 790 mm<br \/>\nO\u015b tylna: 25-30 mm<br \/>\nOs\u0142ona \u0142a\u0144cucha<br \/>\nUk\u0142ad hamulcowy: Mechaniczny CROC<br \/>\nTarcze aluminiowe 115-140<br \/>\nTylne piasty: aluminium<br \/>\nSilnik: 4T GX35<br \/>\nOpony VEGA M1<\/p>","protected":false},"excerpt":{"rendered":"<p>Nowy CROC! CROC Kid Kart jest przeznaczony dla dzieci w wieku od 4 do 8 lat.   GOTOWY DO JAZDY - W komplecie opony i wszystko, czego potrzebujesz...<\/p>","protected":false},"featured_media":32468,"template":"","meta":[],"product_brand":[],"product_cat":[2485,16],"product_tag":[37,1728,142,1344,1902,1903,1901,81,2660,2661,1698,1900],"class_list":{"0":"post-19931","1":"product","2":"type-product","3":"status-publish","4":"has-post-thumbnail","6":"product_cat-croc-promotion","7":"product_cat-motokary","8":"product_tag-detska-motokara","9":"product_tag-kart-shop","10":"product_tag-karting","11":"product_tag-karting-shop","12":"product_tag-motokara-pre-deti","13":"product_tag-motokara-pre-deti-od-4-rokov","14":"product_tag-motokara-top-kart","15":"product_tag-motokary","16":"product_tag-motokary-topkart","17":"product_tag-predaj-motokar-top-kart","18":"product_tag-predajna-motokar","19":"product_tag-top-kart","21":"first","22":"onbackorder","23":"taxable","24":"shipping-taxable","25":"purchasable","26":"product-type-simple","27":"customify-col","28":"product-has-gallery"},"aioseo_notices":[],"_links":{"self":[{"href":"https:\/\/motokary-karting.sk\/pl\/wp-json\/wp\/v2\/product\/19931","targetHints":{"allow":["GET"]}}],"collection":[{"href":"https:\/\/motokary-karting.sk\/pl\/wp-json\/wp\/v2\/product"}],"about":[{"href":"https:\/\/motokary-karting.sk\/pl\/wp-json\/wp\/v2\/types\/product"}],"wp:featuredmedia":[{"embeddable":true,"href":"https:\/\/motokary-karting.sk\/pl\/wp-json\/wp\/v2\/media\/32468"}],"wp:attachment":[{"href":"https:\/\/motokary-karting.sk\/pl\/wp-json\/wp\/v2\/media?parent=19931"}],"wp:term":[{"taxonomy":"product_brand","embeddable":true,"href":"https:\/\/motokary-karting.sk\/pl\/wp-json\/wp\/v2\/product_brand?post=19931"},{"taxonomy":"product_cat","embeddable":true,"href":"https:\/\/motokary-karting.sk\/pl\/wp-json\/wp\/v2\/product_cat?post=19931"},{"taxonomy":"product_tag","embeddable":true,"href":"https:\/\/motokary-karting.sk\/pl\/wp-json\/wp\/v2\/product_tag?post=19931"}],"curies":[{"name":"wp","href":"https:\/\/api.w.org\/{rel}","templated":true}]}}