{"id":2027,"date":"2025-12-05T11:32:57","date_gmt":"2025-12-05T11:32:57","guid":{"rendered":"https:\/\/motokary-karting.sk\/?post_type=product&#038;p=2027"},"modified":"2026-01-28T18:04:26","modified_gmt":"2026-01-28T18:04:26","slug":"rekawice-alpinestars-tempest-v2-dla-dazda","status":"publish","type":"product","link":"https:\/\/motokary-karting.sk\/pl\/produkt\/alpinestars-rukavice-tempest-v2-do-dazda\/","title":{"rendered":"Alpinestars R\u0119kawice TEMPEST v3 WP (wodoodporne)"},"content":{"rendered":"<p>Alpinestars Tempest v3 WP Kart Gloves to wy\u015bcie\u0142ane r\u0119kawice przeznaczone do u\u017cytku na zewn\u0105trz w deszczu i wietrze.<\/p>\n<p>Zewn\u0119trzny materia\u0142 softshell jest wodoodporny, a mi\u0119kka polarowa podszewka zapewnia ciep\u0142o i izolacj\u0119. Pomimo wy\u015bci\u00f3\u0142ki, gumowana d\u0142o\u0144 zapewnia doskona\u0142\u0105 przyczepno\u015b\u0107 i wygod\u0119 w ka\u017cdych warunkach pogodowych.<\/p>","protected":false},"excerpt":{"rendered":"<p>Alpinestars Tempest v3 WP Kart Gloves to wy\u015bcie\u0142ane r\u0119kawice przeznaczone do u\u017cytku na zewn\u0105trz w deszczu i wietrze. Zewn\u0119trzny materia\u0142 softshell jest wodoodporny, a mi\u0119kka...<\/p>","protected":false},"featured_media":30051,"template":"","meta":[],"product_brand":[],"product_cat":[82,15,18],"product_tag":[79,2102,142,1344,2103,81,83,479,2101,480],"class_list":{"0":"post-2027","1":"product","2":"type-product","3":"status-publish","4":"has-post-thumbnail","6":"product_cat-alpinestars","7":"product_cat-rukavice","8":"product_cat-vybava-pretekara","9":"product_tag-alpinestars","10":"product_tag-alpinestars-tempest","11":"product_tag-karting","12":"product_tag-karting-shop","13":"product_tag-kartingove-rukavice","14":"product_tag-motokary","15":"product_tag-rukavice","16":"product_tag-rukavice-alpinestars-tempest","17":"product_tag-rukavice-do-dazda","18":"product_tag-rukavice-do-dazda-motokary","20":"first","21":"onbackorder","22":"taxable","23":"shipping-taxable","24":"purchasable","25":"product-type-variable","26":"customify-col","27":"product-has-gallery"},"aioseo_notices":[],"_links":{"self":[{"href":"https:\/\/motokary-karting.sk\/pl\/wp-json\/wp\/v2\/product\/2027","targetHints":{"allow":["GET"]}}],"collection":[{"href":"https:\/\/motokary-karting.sk\/pl\/wp-json\/wp\/v2\/product"}],"about":[{"href":"https:\/\/motokary-karting.sk\/pl\/wp-json\/wp\/v2\/types\/product"}],"wp:featuredmedia":[{"embeddable":true,"href":"https:\/\/motokary-karting.sk\/pl\/wp-json\/wp\/v2\/media\/30051"}],"wp:attachment":[{"href":"https:\/\/motokary-karting.sk\/pl\/wp-json\/wp\/v2\/media?parent=2027"}],"wp:term":[{"taxonomy":"product_brand","embeddable":true,"href":"https:\/\/motokary-karting.sk\/pl\/wp-json\/wp\/v2\/product_brand?post=2027"},{"taxonomy":"product_cat","embeddable":true,"href":"https:\/\/motokary-karting.sk\/pl\/wp-json\/wp\/v2\/product_cat?post=2027"},{"taxonomy":"product_tag","embeddable":true,"href":"https:\/\/motokary-karting.sk\/pl\/wp-json\/wp\/v2\/product_tag?post=2027"}],"curies":[{"name":"wp","href":"https:\/\/api.w.org\/{rel}","templated":true}]}}