{"id":20504,"date":"2025-12-05T15:54:09","date_gmt":"2025-12-05T15:54:09","guid":{"rendered":"https:\/\/motokary-karting.sk\/?post_type=product&#038;p=20504"},"modified":"2026-02-09T08:32:46","modified_gmt":"2026-02-09T08:32:46","slug":"koszulka-omp-szt-dlugi-rekaw-pod-kombinezon","status":"publish","type":"product","link":"https:\/\/motokary-karting.sk\/pl\/produkt\/omp-tricko-ks-dlhy-rukav-pod-kombinezu\/","title":{"rendered":"Koszulka OMP KS - d\u0142ugi r\u0119kaw - pod kombinezon"},"content":{"rendered":"<p>Lekka, elastyczna bielizna kartingowa wykonana z mi\u0119kkiego poliestru, idealny wyb\u00f3r zar\u00f3wno dla pocz\u0105tkuj\u0105cych, jak i profesjonalist\u00f3w. Techniczne, antybakteryjne w\u0142\u00f3kno natychmiast odprowadza wilgo\u0107 i zapewnia sucho\u015b\u0107. Praktycznie bezszwowa konstrukcja jest uzupe\u0142niona nadrukowanymi kolorowymi aplikacjami i etykietami, kt\u00f3re nie s\u0105 niepor\u0119czne ani rozpraszaj\u0105ce, w przeciwie\u0144stwie do konwencjonalnych naszywanych logo i etykiet. Wygodne dopasowanie zapewnia maksymalny komfort.<\/p>","protected":false},"excerpt":{"rendered":"<p>Lekka, elastyczna bielizna kartingowa wykonana z mi\u0119kkiego poliestru, idealny wyb\u00f3r zar\u00f3wno dla pocz\u0105tkuj\u0105cych, jak i profesjonalist\u00f3w. Techniczne, antybakteryjne w\u0142\u00f3kno natychmiast odprowadza wilgo\u0107 i zapewnia sucho\u015b\u0107....<\/p>","protected":false},"featured_media":30329,"template":"","meta":[],"product_brand":[],"product_cat":[465,18],"product_tag":[142,81,25,1734,454,261,1732,457],"class_list":{"0":"post-20504","1":"product","2":"type-product","3":"status-publish","4":"has-post-thumbnail","6":"product_cat-tricka-a-spodne-pradlo","7":"product_cat-vybava-pretekara","8":"product_tag-karting","9":"product_tag-motokary","10":"product_tag-omp","11":"product_tag-omp-ks-sprint","12":"product_tag-spodne-tricko","13":"product_tag-tricko","14":"product_tag-tricko-omp-summer","15":"product_tag-tricko-pod-kombinezu","17":"first","18":"onbackorder","19":"taxable","20":"shipping-taxable","21":"purchasable","22":"product-type-variable","23":"customify-col","24":"product-has-gallery"},"aioseo_notices":[],"_links":{"self":[{"href":"https:\/\/motokary-karting.sk\/pl\/wp-json\/wp\/v2\/product\/20504","targetHints":{"allow":["GET"]}}],"collection":[{"href":"https:\/\/motokary-karting.sk\/pl\/wp-json\/wp\/v2\/product"}],"about":[{"href":"https:\/\/motokary-karting.sk\/pl\/wp-json\/wp\/v2\/types\/product"}],"wp:featuredmedia":[{"embeddable":true,"href":"https:\/\/motokary-karting.sk\/pl\/wp-json\/wp\/v2\/media\/30329"}],"wp:attachment":[{"href":"https:\/\/motokary-karting.sk\/pl\/wp-json\/wp\/v2\/media?parent=20504"}],"wp:term":[{"taxonomy":"product_brand","embeddable":true,"href":"https:\/\/motokary-karting.sk\/pl\/wp-json\/wp\/v2\/product_brand?post=20504"},{"taxonomy":"product_cat","embeddable":true,"href":"https:\/\/motokary-karting.sk\/pl\/wp-json\/wp\/v2\/product_cat?post=20504"},{"taxonomy":"product_tag","embeddable":true,"href":"https:\/\/motokary-karting.sk\/pl\/wp-json\/wp\/v2\/product_tag?post=20504"}],"curies":[{"name":"wp","href":"https:\/\/api.w.org\/{rel}","templated":true}]}}