{"id":20558,"date":"2023-12-01T09:52:51","date_gmt":"2023-12-01T09:52:51","guid":{"rendered":"https:\/\/motokary-karting.sk\/?post_type=product&#038;p=20558"},"modified":"2025-12-05T16:24:17","modified_gmt":"2025-12-05T16:24:17","slug":"kamizelka-chlodzaca-omp-one-v","status":"publish","type":"product","link":"https:\/\/motokary-karting.sk\/pl\/produkt\/omp-chladiaca-vesta-one-v\/","title":{"rendered":"Kamizelka ch\u0142odz\u0105ca OMP ONE-V"},"content":{"rendered":"<p>Kamizelka ch\u0142odz\u0105ca OMP One-V zawiera system wype\u0142niony wod\u0105, kt\u00f3ry ch\u0142odzi i od\u015bwie\u017ca cia\u0142o w wysokich temperaturach. Ultralekka, tr\u00f3jwarstwowa konstrukcja posiada innowacyjny system odprowadzania ciep\u0142a, kt\u00f3ry zapewnia ci\u0105g\u0142e uczucie ch\u0142odzenia. Boczne wstawki wykonane z elastycznego materia\u0142u zapewniaj\u0105, \u017ce kamizelka jest szczeg\u00f3lnie wygodna do noszenia podczas przerw w wy\u015bcigu lub w obszarze przed wy\u015bcigiem.<\/p>","protected":false},"excerpt":{"rendered":"<p>Kamizelka ch\u0142odz\u0105ca OMP One-V zawiera system wype\u0142niony wod\u0105, kt\u00f3ry ch\u0142odzi i od\u015bwie\u017ca cia\u0142o w wysokich temperaturach. Ultralekka, tr\u00f3jwarstwowa konstrukcja posiada innowacyjny system odprowadzania ciep\u0142a,...<\/p>","protected":false},"featured_media":20564,"template":"","meta":[],"product_brand":[],"product_cat":[22,32,88,91,742,158,465,1045,18],"product_tag":[721,81,720,3308,1281,1030,1203,1282],"class_list":{"0":"post-20558","1":"product","2":"type-product","3":"status-publish","4":"has-post-thumbnail","6":"product_cat-kombinezy","7":"product_cat-lifestyle-oblecenie-a-produkty-na-volny-cas","8":"product_cat-ochrana-rebier","9":"product_cat-omp-kombinezy","10":"product_cat-ostatne-lifestyloblecenieadoplnky","11":"product_cat-tip-na-darcek","12":"product_cat-tricka-a-spodne-pradlo","13":"product_cat-vesty","14":"product_cat-vybava-pretekara","15":"product_tag-chranic-rebier","16":"product_tag-motokary","17":"product_tag-ochrana-rebier","18":"product_tag-omp-chladiaca-vesta","19":"product_tag-omp-rebrovy-chranic","20":"product_tag-rebrovy-chranic","21":"product_tag-rebrovy-chranic-na-motokary","22":"product_tag-rebrovy-chranic-omp","24":"first","25":"onbackorder","26":"taxable","27":"shipping-taxable","28":"purchasable","29":"product-type-variable","30":"customify-col"},"aioseo_notices":[],"_links":{"self":[{"href":"https:\/\/motokary-karting.sk\/pl\/wp-json\/wp\/v2\/product\/20558","targetHints":{"allow":["GET"]}}],"collection":[{"href":"https:\/\/motokary-karting.sk\/pl\/wp-json\/wp\/v2\/product"}],"about":[{"href":"https:\/\/motokary-karting.sk\/pl\/wp-json\/wp\/v2\/types\/product"}],"wp:featuredmedia":[{"embeddable":true,"href":"https:\/\/motokary-karting.sk\/pl\/wp-json\/wp\/v2\/media\/20564"}],"wp:attachment":[{"href":"https:\/\/motokary-karting.sk\/pl\/wp-json\/wp\/v2\/media?parent=20558"}],"wp:term":[{"taxonomy":"product_brand","embeddable":true,"href":"https:\/\/motokary-karting.sk\/pl\/wp-json\/wp\/v2\/product_brand?post=20558"},{"taxonomy":"product_cat","embeddable":true,"href":"https:\/\/motokary-karting.sk\/pl\/wp-json\/wp\/v2\/product_cat?post=20558"},{"taxonomy":"product_tag","embeddable":true,"href":"https:\/\/motokary-karting.sk\/pl\/wp-json\/wp\/v2\/product_tag?post=20558"}],"curies":[{"name":"wp","href":"https:\/\/api.w.org\/{rel}","templated":true}]}}