{"id":20683,"date":"2026-02-10T11:47:04","date_gmt":"2026-02-10T11:47:04","guid":{"rendered":"https:\/\/motokary-karting.sk\/?post_type=product&#038;p=20683"},"modified":"2026-02-11T11:11:36","modified_gmt":"2026-02-11T11:11:36","slug":"kask-schuberth-sk1-carbon-karting","status":"publish","type":"product","link":"https:\/\/motokary-karting.sk\/pl\/produkt\/schuberth-prilba-sk1-carbon-karting\/","title":{"rendered":"Kask Schuberth SK1 Carbon EVO Karting"},"content":{"rendered":"<p>Wyj\u0105tkowo lekki dzieci\u0119cy kask gokartowy Schuberth z doskona\u0142ym dopasowaniem, homologowany zgodnie z norm\u0105 Snell CMR2016. Identyczny, aerodynamicznie zoptymalizowany kszta\u0142t skorupy jak w topowym modelu SF3 u\u017cywanym m.in. przez Maxa Verstappena w Formule 1. Dwana\u015bcie kana\u0142\u00f3w powietrznych zintegrowanych z wy\u015bci\u00f3\u0142k\u0105 EPS zapewnia optymaln\u0105 wentylacj\u0119.<\/p>\n<p>Tarcza o grubo\u015bci 3 mm, formowana wtryskowo 3D z wk\u0142adk\u0105 Pinlock dla optymalnej ochrony przed zaparowaniem. Innowacyjny dwustopniowy mechanizm blokowania os\u0142ony zapewnia \u0142atw\u0105 i bezpieczn\u0105 obs\u0142ug\u0119. Dzi\u0119ki szerokiej gamie akcesori\u00f3w model SK1 CARBON EVO KARTING mo\u017cna dostosowa\u0107 do wszelkich potrzeb w zakresie komfortu, aerodynamiki i estetyki.<\/p>\n<p>Kolor: W\u0142\u00f3kno w\u0119glowe z matowym wyko\u0144czeniem<br \/>\nWaga*: 1 090 g (XXS - S) \/ 1 190 g (M - L\/XL)<\/p>\n<p>*+\/- 30 g<\/p>","protected":false},"excerpt":{"rendered":"<p>Wyj\u0105tkowo lekki dzieci\u0119cy kask gokartowy Schuberth z doskona\u0142ym dopasowaniem, homologowany zgodnie z norm\u0105 Snell CMR2016. Identyczny, aerodynamicznie zoptymalizowany kszta\u0142t skorupy jak w topowym modelu SF3, kt\u00f3ry...<\/p>","protected":false},"featured_media":32843,"template":"","meta":[],"product_brand":[],"product_cat":[21,3316,18],"product_tag":[1344,3314,954,3312,3313,3315,3311,3310],"class_list":{"0":"post-20683","1":"product","2":"type-product","3":"status-publish","4":"has-post-thumbnail","6":"product_cat-prilby","7":"product_cat-schuberth","8":"product_cat-vybava-pretekara","9":"product_tag-karting-shop","10":"product_tag-mokokarova-prilba-schuberth","11":"product_tag-motokar","12":"product_tag-prilba-schuberth","13":"product_tag-prilba-schuberth-karting","14":"product_tag-schuberth-ccarbon-helmet","15":"product_tag-schuberth-prilba","16":"product_tag-schuberth-prilba-sk1-carbon-karting","18":"first","19":"onbackorder","20":"taxable","21":"shipping-taxable","22":"purchasable","23":"product-type-variable","24":"customify-col","25":"product-has-gallery"},"aioseo_notices":[],"_links":{"self":[{"href":"https:\/\/motokary-karting.sk\/pl\/wp-json\/wp\/v2\/product\/20683","targetHints":{"allow":["GET"]}}],"collection":[{"href":"https:\/\/motokary-karting.sk\/pl\/wp-json\/wp\/v2\/product"}],"about":[{"href":"https:\/\/motokary-karting.sk\/pl\/wp-json\/wp\/v2\/types\/product"}],"wp:featuredmedia":[{"embeddable":true,"href":"https:\/\/motokary-karting.sk\/pl\/wp-json\/wp\/v2\/media\/32843"}],"wp:attachment":[{"href":"https:\/\/motokary-karting.sk\/pl\/wp-json\/wp\/v2\/media?parent=20683"}],"wp:term":[{"taxonomy":"product_brand","embeddable":true,"href":"https:\/\/motokary-karting.sk\/pl\/wp-json\/wp\/v2\/product_brand?post=20683"},{"taxonomy":"product_cat","embeddable":true,"href":"https:\/\/motokary-karting.sk\/pl\/wp-json\/wp\/v2\/product_cat?post=20683"},{"taxonomy":"product_tag","embeddable":true,"href":"https:\/\/motokary-karting.sk\/pl\/wp-json\/wp\/v2\/product_tag?post=20683"}],"curies":[{"name":"wp","href":"https:\/\/api.w.org\/{rel}","templated":true}]}}