{"id":20767,"date":"2025-12-19T12:06:55","date_gmt":"2025-12-19T12:06:55","guid":{"rendered":"https:\/\/motokary-karting.sk\/?post_type=product&#038;p=20767"},"modified":"2026-02-11T10:29:35","modified_gmt":"2026-02-11T10:29:35","slug":"stilo-helm-st6cmrcarbonlite","status":"publish","type":"product","link":"https:\/\/motokary-karting.sk\/pl\/produkt\/stilo-helm-st6cmrcarbonlite\/","title":{"rendered":"Kask Stilo ST6 CMR Carbon Lite"},"content":{"rendered":"<p>Zoptymalizowany system wentylacji - inspirowany Formu\u0142\u0105 1 - zapewnia optymalne ch\u0142odzenie i zmniejszon\u0105 wilgotno\u015b\u0107, nawet w najtrudniejszych warunkach wy\u015bcigowych. Innowacyjny system blokowania wizjera gwarantuje maksymalne bezpiecze\u0144stwo w ka\u017cdej pozycji, a podw\u00f3jna szyba o grubo\u015bci 3 mm z ochron\u0105 przeciwmgieln\u0105 zapewnia dobr\u0105 widoczno\u015b\u0107 w ka\u017cdej sytuacji.<\/p>\n<p>Wersja CMR jest homologowana zgodnie ze standardem Snell CMR2016 (wymaganym przez CIK\/FIA dla dzieci i m\u0142odzie\u017cy do 15 roku \u017cycia) i jest jednym z najl\u017cejszych kask\u00f3w kartingowych na rynku dzi\u0119ki niezwykle lekkiej i zoptymalizowanej obj\u0119to\u015bciowo skorupie zewn\u0119trznej z w\u0142\u00f3kna w\u0119glowego.<\/p>\n<p>Materia\u0142: Matryca z w\u0142\u00f3kna w\u0119glowego<\/p>\n<p>Homologacja: SNELL CMR2016<\/p>\n<p>Waga (+\/- 30 g)<\/p>\n<p>Ma\u0142a pow\u0142oka 1 050 g | \u015arednia pow\u0142oka 1 120 g<\/p>\n<p>Rozmiary<br \/>\nMa\u0142a pow\u0142oka 53 - 56 | \u015arednia pow\u0142oka 57 - 59<\/p>\n<p>Uwaga dotycz\u0105ca dopasowania: kaski Stilo s\u0105 zwykle mniejsze. Dlatego zalecamy dodanie oko\u0142o 1-2 cm do zmierzonego obwodu g\u0142owy. Zmierz obw\u00f3d g\u0142owy w cm i znajd\u017a odpowiedni rozmiar kasku.<\/p>","protected":false},"excerpt":{"rendered":"<p>Zoptymalizowany system wentylacji - inspirowany Formu\u0142\u0105 1 - zapewnia optymalne ch\u0142odzenie i zmniejszon\u0105 wilgotno\u015b\u0107, nawet w najtrudniejszych warunkach wy\u015bcigowych. Innowacyjny system blokowania wizjera...<\/p>","protected":false},"featured_media":31602,"template":"","meta":[],"product_brand":[],"product_cat":[21,1667,18],"product_tag":[142,1344,984,1672,81,985,1670,1668,1590,1673,1671,1701,1669,1702],"class_list":{"0":"post-20767","1":"product","2":"type-product","3":"status-publish","4":"has-post-thumbnail","6":"product_cat-prilby","7":"product_cat-stilo","8":"product_cat-vybava-pretekara","9":"product_tag-karting","10":"product_tag-karting-shop","11":"product_tag-motokarova-prilba","12":"product_tag-motokarova-prilba-stilo","13":"product_tag-motokary","14":"product_tag-prilba-na-motokary","15":"product_tag-prilba-stilo","16":"product_tag-prilby-stilo","17":"product_tag-stilo","18":"product_tag-stilo-motokarova-prilba","19":"product_tag-stilo-prilba","20":"product_tag-stilo-prilba-st5f-krt-carbon","21":"product_tag-stilo-prilby","22":"product_tag-stilo-st5f-krt-carbon","24":"first","25":"onbackorder","26":"taxable","27":"shipping-taxable","28":"purchasable","29":"product-type-variable","30":"customify-col","31":"product-has-gallery"},"aioseo_notices":[],"_links":{"self":[{"href":"https:\/\/motokary-karting.sk\/pl\/wp-json\/wp\/v2\/product\/20767","targetHints":{"allow":["GET"]}}],"collection":[{"href":"https:\/\/motokary-karting.sk\/pl\/wp-json\/wp\/v2\/product"}],"about":[{"href":"https:\/\/motokary-karting.sk\/pl\/wp-json\/wp\/v2\/types\/product"}],"wp:featuredmedia":[{"embeddable":true,"href":"https:\/\/motokary-karting.sk\/pl\/wp-json\/wp\/v2\/media\/31602"}],"wp:attachment":[{"href":"https:\/\/motokary-karting.sk\/pl\/wp-json\/wp\/v2\/media?parent=20767"}],"wp:term":[{"taxonomy":"product_brand","embeddable":true,"href":"https:\/\/motokary-karting.sk\/pl\/wp-json\/wp\/v2\/product_brand?post=20767"},{"taxonomy":"product_cat","embeddable":true,"href":"https:\/\/motokary-karting.sk\/pl\/wp-json\/wp\/v2\/product_cat?post=20767"},{"taxonomy":"product_tag","embeddable":true,"href":"https:\/\/motokary-karting.sk\/pl\/wp-json\/wp\/v2\/product_tag?post=20767"}],"curies":[{"name":"wp","href":"https:\/\/api.w.org\/{rel}","templated":true}]}}