{"id":20791,"date":"2023-12-19T15:29:58","date_gmt":"2023-12-19T15:29:58","guid":{"rendered":"https:\/\/motokary-karting.sk\/?post_type=product&#038;p=20791"},"modified":"2026-02-11T10:30:50","modified_gmt":"2026-02-11T10:30:50","slug":"kask-schuberth-sp1-carbon","status":"publish","type":"product","link":"https:\/\/motokary-karting.sk\/pl\/produkt\/schuberth-prilba-sp1-carbon\/","title":{"rendered":"Kask Schuberth SP1 Carbon"},"content":{"rendered":"<p>R\u0119cznie wykonany kask pe\u0142notwarzowy z wysokiej jako\u015bci zewn\u0119trzn\u0105 skorup\u0105 z w\u0142\u00f3kna w\u0119glowego homologowan\u0105 zgodnie z najnowszymi standardami bezpiecze\u0144stwa FIA8859-2015. 12 kana\u0142\u00f3w powietrznych wbudowanych w EPS zapewnia optymaln\u0105 wentylacj\u0119. 3 mm grubo\u015bci formowany wtryskowo wizjer 3D z soczewk\u0105 Pinlock dla optymalnej odporno\u015bci na zaparowanie.<\/p>\n<p>Innowacyjna dwustopniowa blokada wizjera zapewnia \u0142atw\u0105 i bezpieczn\u0105 obs\u0142ug\u0119. Dzi\u0119ki szerokiej gamie akcesori\u00f3w SP1 CARBON mo\u017cna dostosowa\u0107 do wszelkich potrzeb w zakresie komfortu, aerodynamiki i estetyki. Klipsy H.A.N.S. s\u0105 do\u0142\u0105czone do zestawu. Standardowe wyposa\u017cenie obejmuje czerwony lustrzany wizjer z blokad\u0105 Pinlock, pokrowiec na kask i mi\u0119kk\u0105 \u015bciereczk\u0119 do czyszczenia z mikrofibry.<\/p>\n<p>Kolor: naturalne w\u0142\u00f3kno w\u0119glowe z przezroczystym lakierem<br \/>\nWaga*: 1 370 g (XS - L) \/ 1 400 g (L\/XL - XXL)<\/p>\n<p>*+\/- 30 g<\/p>","protected":false},"excerpt":{"rendered":"<p>R\u0119cznie wykonany kask z zewn\u0119trzn\u0105 skorup\u0105 z wysokiej jako\u015bci w\u0142\u00f3kna w\u0119glowego, homologowany zgodnie z najnowszymi standardami bezpiecze\u0144stwa FIA8859-2015. 12 kana\u0142\u00f3w powietrznych wbudowanych w EPS...<\/p>","protected":false},"featured_media":20799,"template":"","meta":[],"product_brand":[],"product_cat":[21,3316,18],"product_tag":[1344,3314,954,3312,3313,3315,3311,3310],"class_list":{"0":"post-20791","1":"product","2":"type-product","3":"status-publish","4":"has-post-thumbnail","6":"product_cat-prilby","7":"product_cat-schuberth","8":"product_cat-vybava-pretekara","9":"product_tag-karting-shop","10":"product_tag-mokokarova-prilba-schuberth","11":"product_tag-motokar","12":"product_tag-prilba-schuberth","13":"product_tag-prilba-schuberth-karting","14":"product_tag-schuberth-ccarbon-helmet","15":"product_tag-schuberth-prilba","16":"product_tag-schuberth-prilba-sk1-carbon-karting","18":"first","19":"onbackorder","20":"taxable","21":"shipping-taxable","22":"purchasable","23":"product-type-variable","24":"customify-col","25":"product-has-gallery"},"aioseo_notices":[],"_links":{"self":[{"href":"https:\/\/motokary-karting.sk\/pl\/wp-json\/wp\/v2\/product\/20791","targetHints":{"allow":["GET"]}}],"collection":[{"href":"https:\/\/motokary-karting.sk\/pl\/wp-json\/wp\/v2\/product"}],"about":[{"href":"https:\/\/motokary-karting.sk\/pl\/wp-json\/wp\/v2\/types\/product"}],"wp:featuredmedia":[{"embeddable":true,"href":"https:\/\/motokary-karting.sk\/pl\/wp-json\/wp\/v2\/media\/20799"}],"wp:attachment":[{"href":"https:\/\/motokary-karting.sk\/pl\/wp-json\/wp\/v2\/media?parent=20791"}],"wp:term":[{"taxonomy":"product_brand","embeddable":true,"href":"https:\/\/motokary-karting.sk\/pl\/wp-json\/wp\/v2\/product_brand?post=20791"},{"taxonomy":"product_cat","embeddable":true,"href":"https:\/\/motokary-karting.sk\/pl\/wp-json\/wp\/v2\/product_cat?post=20791"},{"taxonomy":"product_tag","embeddable":true,"href":"https:\/\/motokary-karting.sk\/pl\/wp-json\/wp\/v2\/product_tag?post=20791"}],"curies":[{"name":"wp","href":"https:\/\/api.w.org\/{rel}","templated":true}]}}