{"id":20803,"date":"2023-12-19T15:44:53","date_gmt":"2023-12-19T15:44:53","guid":{"rendered":"https:\/\/motokary-karting.sk\/?post_type=product&#038;p=20803"},"modified":"2026-02-11T10:54:48","modified_gmt":"2026-02-11T10:54:48","slug":"rekawice-alpinestars-tech-1kx-v4","status":"publish","type":"product","link":"https:\/\/motokary-karting.sk\/pl\/produkt\/alpinestars-rukavice-tech-1kx-v4\/","title":{"rendered":"Alpinestars R\u0119kawice Tech 1KX v4"},"content":{"rendered":"<p>Ergonomicznie skrojone r\u0119kawice kartingowe Alpinestars TECH 1KX v4 z du\u017cymi silikonowymi powierzchniami 3D zapewniaj\u0105 optymalny chwyt kierownicy i lepsze wra\u017cenia z jazdy. Niezwykle oddychaj\u0105cy materia\u0142 zewn\u0119trzny wykonany z tkaniny o strukturze plastra miodu w po\u0142\u0105czeniu z zewn\u0119trznymi szwami gwarantuje najlepszy mo\u017cliwy komfort noszenia. Nie tylko wizualna atrakcja!<\/p>\n<p>Zatwierdzony zgodnie z najnowszym standardem bezpiecze\u0144stwa FIA8877-2022 dla gokart\u00f3w.<\/p>","protected":false},"excerpt":{"rendered":"<p>Ergonomicznie skrojone r\u0119kawice kartingowe Alpinestars TECH 1KX v4 z du\u017cymi silikonowymi powierzchniami 3D zapewniaj\u0105 optymalny chwyt kierownicy i lepsze wra\u017cenia z jazdy. Wyj\u0105tkowo oddychaj\u0105ca...<\/p>","protected":false},"featured_media":20841,"template":"","meta":[],"product_brand":[],"product_cat":[82,15,18],"product_tag":[2797,2795,1845,2647,1344,2657,1084,81,2796,1455],"class_list":{"0":"post-20803","1":"product","2":"type-product","3":"status-publish","4":"has-post-thumbnail","6":"product_cat-alpinestars","7":"product_cat-rukavice","8":"product_cat-vybava-pretekara","9":"product_tag-alpinestars-rukavice","10":"product_tag-alpinestars-rukavice-tech-1kx-v2","11":"product_tag-alpinestars-shop","12":"product_tag-karting-rukavice","13":"product_tag-karting-shop","14":"product_tag-karting-shop-pezinok","15":"product_tag-motokarove-rukavice","16":"product_tag-motokary","17":"product_tag-rukavice-alpinestars","18":"product_tag-rukavice-na-motokaru","20":"first","21":"instock","22":"taxable","23":"shipping-taxable","24":"purchasable","25":"product-type-variable","26":"customify-col","27":"product-has-gallery"},"aioseo_notices":[],"_links":{"self":[{"href":"https:\/\/motokary-karting.sk\/pl\/wp-json\/wp\/v2\/product\/20803","targetHints":{"allow":["GET"]}}],"collection":[{"href":"https:\/\/motokary-karting.sk\/pl\/wp-json\/wp\/v2\/product"}],"about":[{"href":"https:\/\/motokary-karting.sk\/pl\/wp-json\/wp\/v2\/types\/product"}],"wp:featuredmedia":[{"embeddable":true,"href":"https:\/\/motokary-karting.sk\/pl\/wp-json\/wp\/v2\/media\/20841"}],"wp:attachment":[{"href":"https:\/\/motokary-karting.sk\/pl\/wp-json\/wp\/v2\/media?parent=20803"}],"wp:term":[{"taxonomy":"product_brand","embeddable":true,"href":"https:\/\/motokary-karting.sk\/pl\/wp-json\/wp\/v2\/product_brand?post=20803"},{"taxonomy":"product_cat","embeddable":true,"href":"https:\/\/motokary-karting.sk\/pl\/wp-json\/wp\/v2\/product_cat?post=20803"},{"taxonomy":"product_tag","embeddable":true,"href":"https:\/\/motokary-karting.sk\/pl\/wp-json\/wp\/v2\/product_tag?post=20803"}],"curies":[{"name":"wp","href":"https:\/\/api.w.org\/{rel}","templated":true}]}}