{"id":20992,"date":"2023-12-21T11:10:50","date_gmt":"2023-12-21T11:10:50","guid":{"rendered":"https:\/\/motokary-karting.sk\/?post_type=product&#038;p=20992"},"modified":"2026-03-21T08:26:21","modified_gmt":"2026-03-21T08:26:21","slug":"torba-na-kask-alpinestars-z-wentylacja-flow-v3","status":"publish","type":"product","link":"https:\/\/motokary-karting.sk\/pl\/produkt\/alpinestars-taska-na-prilbu-s-ventilaciou-flow-v3\/","title":{"rendered":"Torba na kask Alpinestars z wentylacj\u0105 FLOW v3"},"content":{"rendered":"<p>Praktyczna i wytrzyma\u0142a torba na kask wykonana z czarnego wodoodpornego poliestru i oddychaj\u0105cej siatki. Mi\u0119kka polarowa podszewka. Wbudowana suszarka do kasku zapewniaj\u0105ca optymaln\u0105 cyrkulacj\u0119 powietrza i suszenie kasku. Dodatkowa kiesze\u0144 z boku zapinana na zamek. Zawiera p\u0119tle do przenoszenia i odpinany pasek wykonany z wytrzyma\u0142ej ta\u015bmy.<\/p>\n<p>100% poliester<\/p>","protected":false},"excerpt":{"rendered":"<p>Praktyczna i wytrzyma\u0142a torba na kask wykonana z czarnego wodoodpornego poliestru i oddychaj\u0105cej siatki. Mi\u0119kka polarowa podszewka. Wbudowana suszarka do kasku zapewnia optymaln\u0105 cyrkulacj\u0119 powietrza i...<\/p>","protected":false},"featured_media":20994,"template":"","meta":[],"product_brand":[],"product_cat":[32,21,734,1579,158],"product_tag":[1847,1845,1846,1848,1728,142,1344,81,1850,959,1849],"class_list":{"0":"post-20992","1":"product","2":"type-product","3":"status-publish","4":"has-post-thumbnail","6":"product_cat-lifestyle-oblecenie-a-produkty-na-volny-cas","7":"product_cat-prilby","8":"product_cat-ruksaky-tasky-na-prilby","9":"product_cat-tasky-na-prilby","10":"product_cat-tip-na-darcek","11":"product_tag-alpinestars-helmet-bag","12":"product_tag-alpinestars-shop","13":"product_tag-alpinestars-taska-na-prilbu","14":"product_tag-alpinestars-vrecko-na-prilbu","15":"product_tag-kart-shop","16":"product_tag-karting","17":"product_tag-karting-shop","18":"product_tag-motokary","19":"product_tag-obal-na-prilbu-alpinestars","20":"product_tag-skoba-na-kluce","21":"product_tag-taska-na-prilbu-alpinestars","23":"first","24":"onbackorder","25":"taxable","26":"shipping-taxable","27":"purchasable","28":"product-type-simple","29":"customify-col","30":"product-has-gallery"},"aioseo_notices":[],"_links":{"self":[{"href":"https:\/\/motokary-karting.sk\/pl\/wp-json\/wp\/v2\/product\/20992","targetHints":{"allow":["GET"]}}],"collection":[{"href":"https:\/\/motokary-karting.sk\/pl\/wp-json\/wp\/v2\/product"}],"about":[{"href":"https:\/\/motokary-karting.sk\/pl\/wp-json\/wp\/v2\/types\/product"}],"wp:featuredmedia":[{"embeddable":true,"href":"https:\/\/motokary-karting.sk\/pl\/wp-json\/wp\/v2\/media\/20994"}],"wp:attachment":[{"href":"https:\/\/motokary-karting.sk\/pl\/wp-json\/wp\/v2\/media?parent=20992"}],"wp:term":[{"taxonomy":"product_brand","embeddable":true,"href":"https:\/\/motokary-karting.sk\/pl\/wp-json\/wp\/v2\/product_brand?post=20992"},{"taxonomy":"product_cat","embeddable":true,"href":"https:\/\/motokary-karting.sk\/pl\/wp-json\/wp\/v2\/product_cat?post=20992"},{"taxonomy":"product_tag","embeddable":true,"href":"https:\/\/motokary-karting.sk\/pl\/wp-json\/wp\/v2\/product_tag?post=20992"}],"curies":[{"name":"wp","href":"https:\/\/api.w.org\/{rel}","templated":true}]}}